{"id":986,"date":"2024-11-18T10:52:18","date_gmt":"2024-11-18T15:52:18","guid":{"rendered":"https:\/\/equi-tel.com\/boutique\/?post_type=product&#038;p=986"},"modified":"2025-03-28T16:05:05","modified_gmt":"2025-03-28T20:05:05","slug":"poe-24w","status":"publish","type":"product","link":"https:\/\/equi-tel.com\/boutique\/product\/poe-24w\/","title":{"rendered":"POE 24W"},"content":{"rendered":"<p>Injecteur PoE 10\/100\/1000 mi-port\u00e9e, conforme \u00e0 la norme IEEE802.3af avec c\u00e2ble d&#8217;alimentation, compatible avec tous les appareils n\u00e9cessitant un POE jusqu&#8217;\u00e0 24 W.<\/p>\n","protected":false},"excerpt":{"rendered":"<p>Injecteur PoE 10\/100\/1000 mi-port\u00e9e, conforme \u00e0 la norme IEEE802.3af avec c\u00e2ble d&#8217;alimentation, compatible avec tous les appareils n\u00e9cessitant un POE jusqu&#8217;\u00e0 24 W.<\/p>\n","protected":false},"featured_media":1357,"template":"","meta":{"om_disable_all_campaigns":false,"_monsterinsights_skip_tracking":false,"_monsterinsights_sitenote_active":false,"_monsterinsights_sitenote_note":"","_monsterinsights_sitenote_category":0},"product_brand":[],"product_cat":[46],"product_tag":[],"class_list":{"0":"post-986","1":"product","2":"type-product","3":"status-publish","4":"has-post-thumbnail","6":"product_cat-grandstream","8":"first","9":"instock","10":"taxable","11":"shipping-taxable","12":"product-type-simple"},"aioseo_notices":[],"_links":{"self":[{"href":"https:\/\/equi-tel.com\/boutique\/wp-json\/wp\/v2\/product\/986","targetHints":{"allow":["GET"]}}],"collection":[{"href":"https:\/\/equi-tel.com\/boutique\/wp-json\/wp\/v2\/product"}],"about":[{"href":"https:\/\/equi-tel.com\/boutique\/wp-json\/wp\/v2\/types\/product"}],"wp:featuredmedia":[{"embeddable":true,"href":"https:\/\/equi-tel.com\/boutique\/wp-json\/wp\/v2\/media\/1357"}],"wp:attachment":[{"href":"https:\/\/equi-tel.com\/boutique\/wp-json\/wp\/v2\/media?parent=986"}],"wp:term":[{"taxonomy":"product_brand","embeddable":true,"href":"https:\/\/equi-tel.com\/boutique\/wp-json\/wp\/v2\/product_brand?post=986"},{"taxonomy":"product_cat","embeddable":true,"href":"https:\/\/equi-tel.com\/boutique\/wp-json\/wp\/v2\/product_cat?post=986"},{"taxonomy":"product_tag","embeddable":true,"href":"https:\/\/equi-tel.com\/boutique\/wp-json\/wp\/v2\/product_tag?post=986"}],"curies":[{"name":"wp","href":"https:\/\/api.w.org\/{rel}","templated":true}]}}