{"id":985,"date":"2024-11-18T10:47:31","date_gmt":"2024-11-18T15:47:31","guid":{"rendered":"https:\/\/equi-tel.com\/boutique\/?post_type=product&#038;p=985"},"modified":"2026-01-19T10:12:18","modified_gmt":"2026-01-19T15:12:18","slug":"ht881","status":"publish","type":"product","link":"https:\/\/equi-tel.com\/boutique\/product\/ht881\/","title":{"rendered":"HT881"},"content":{"rendered":"<p>3 profils SIP via 8 ports FXO; routeur NAT performant int\u00e9gr\u00e9; conf\u00e9rence vocale \u00e0 trois voies par port; options de provisionnement automatis\u00e9 et s\u00e9curis\u00e9 utilisant TR069<\/p>\n","protected":false},"excerpt":{"rendered":"<p>3 profils SIP via 8 ports FXO; routeur NAT performant int\u00e9gr\u00e9; conf\u00e9rence vocale \u00e0 trois voies par port; options de provisionnement automatis\u00e9 et s\u00e9curis\u00e9 utilisant TR069<\/p>\n","protected":false},"featured_media":982,"template":"","meta":{"om_disable_all_campaigns":false,"_monsterinsights_skip_tracking":false,"_monsterinsights_sitenote_active":false,"_monsterinsights_sitenote_note":"","_monsterinsights_sitenote_category":0},"product_brand":[],"product_cat":[46],"product_tag":[],"class_list":{"0":"post-985","1":"product","2":"type-product","3":"status-publish","4":"has-post-thumbnail","6":"product_cat-grandstream","8":"first","9":"instock","10":"taxable","11":"shipping-taxable","12":"product-type-simple"},"aioseo_notices":[],"_links":{"self":[{"href":"https:\/\/equi-tel.com\/boutique\/wp-json\/wp\/v2\/product\/985","targetHints":{"allow":["GET"]}}],"collection":[{"href":"https:\/\/equi-tel.com\/boutique\/wp-json\/wp\/v2\/product"}],"about":[{"href":"https:\/\/equi-tel.com\/boutique\/wp-json\/wp\/v2\/types\/product"}],"wp:featuredmedia":[{"embeddable":true,"href":"https:\/\/equi-tel.com\/boutique\/wp-json\/wp\/v2\/media\/982"}],"wp:attachment":[{"href":"https:\/\/equi-tel.com\/boutique\/wp-json\/wp\/v2\/media?parent=985"}],"wp:term":[{"taxonomy":"product_brand","embeddable":true,"href":"https:\/\/equi-tel.com\/boutique\/wp-json\/wp\/v2\/product_brand?post=985"},{"taxonomy":"product_cat","embeddable":true,"href":"https:\/\/equi-tel.com\/boutique\/wp-json\/wp\/v2\/product_cat?post=985"},{"taxonomy":"product_tag","embeddable":true,"href":"https:\/\/equi-tel.com\/boutique\/wp-json\/wp\/v2\/product_tag?post=985"}],"curies":[{"name":"wp","href":"https:\/\/api.w.org\/{rel}","templated":true}]}}