{"id":972,"date":"2024-11-18T10:40:32","date_gmt":"2024-11-18T15:40:32","guid":{"rendered":"https:\/\/equi-tel.com\/boutique\/?post_type=product&#038;p=972"},"modified":"2026-01-19T09:16:30","modified_gmt":"2026-01-19T14:16:30","slug":"ht813","status":"publish","type":"product","link":"https:\/\/equi-tel.com\/boutique\/product\/ht813\/","title":{"rendered":"HT813"},"content":{"rendered":"<p>VoIP SIP ATA \/ Routeur, 1 x FXS, 1 x FXO, 1 x Fast Ethernet LAN, 1 x Fast Ethernet WAN, conforme \u00e0 la t\u00e9l\u00e9copie T.38.<\/p>\n","protected":false},"excerpt":{"rendered":"<p>VoIP SIP ATA \/ Routeur, 1 x FXS, 1 x FXO, 1 x Fast Ethernet LAN, 1 x Fast Ethernet WAN, conforme \u00e0 la t\u00e9l\u00e9copie T.38.<\/p>\n","protected":false},"featured_media":973,"template":"","meta":{"om_disable_all_campaigns":false,"_monsterinsights_skip_tracking":false,"_monsterinsights_sitenote_active":false,"_monsterinsights_sitenote_note":"","_monsterinsights_sitenote_category":0},"product_brand":[],"product_cat":[46],"product_tag":[],"class_list":{"0":"post-972","1":"product","2":"type-product","3":"status-publish","4":"has-post-thumbnail","6":"product_cat-grandstream","8":"first","9":"instock","10":"taxable","11":"shipping-taxable","12":"product-type-simple"},"aioseo_notices":[],"_links":{"self":[{"href":"https:\/\/equi-tel.com\/boutique\/wp-json\/wp\/v2\/product\/972","targetHints":{"allow":["GET"]}}],"collection":[{"href":"https:\/\/equi-tel.com\/boutique\/wp-json\/wp\/v2\/product"}],"about":[{"href":"https:\/\/equi-tel.com\/boutique\/wp-json\/wp\/v2\/types\/product"}],"wp:featuredmedia":[{"embeddable":true,"href":"https:\/\/equi-tel.com\/boutique\/wp-json\/wp\/v2\/media\/973"}],"wp:attachment":[{"href":"https:\/\/equi-tel.com\/boutique\/wp-json\/wp\/v2\/media?parent=972"}],"wp:term":[{"taxonomy":"product_brand","embeddable":true,"href":"https:\/\/equi-tel.com\/boutique\/wp-json\/wp\/v2\/product_brand?post=972"},{"taxonomy":"product_cat","embeddable":true,"href":"https:\/\/equi-tel.com\/boutique\/wp-json\/wp\/v2\/product_cat?post=972"},{"taxonomy":"product_tag","embeddable":true,"href":"https:\/\/equi-tel.com\/boutique\/wp-json\/wp\/v2\/product_tag?post=972"}],"curies":[{"name":"wp","href":"https:\/\/api.w.org\/{rel}","templated":true}]}}