{"id":866,"date":"2024-11-15T09:58:24","date_gmt":"2024-11-15T14:58:24","guid":{"rendered":"https:\/\/equi-tel.com\/boutique\/?post_type=product&#038;p=866"},"modified":"2026-01-16T16:21:06","modified_gmt":"2026-01-16T21:21:06","slug":"gxp1625","status":"publish","type":"product","link":"https:\/\/equi-tel.com\/boutique\/product\/gxp1625\/","title":{"rendered":"GXP1625"},"content":{"rendered":"<table width=\"800\">\n<tbody>\n<tr>\n<td colspan=\"10\" width=\"800\">T\u00e9l\u00e9phone SIP VoIP, 2 x Fast Ethernet, 2 x touches de ligne, 2 x comptes SIP, AC + PoE, LCD r\u00e9tro\u00e9clair\u00e9 de 132&#215;48 pixels.<\/td>\n<\/tr>\n<\/tbody>\n<\/table>\n","protected":false},"excerpt":{"rendered":"<p>T\u00e9l\u00e9phone SIP VoIP, 2 x Fast Ethernet, 2 x touches de ligne, 2 x comptes SIP, AC + PoE, LCD r\u00e9tro\u00e9clair\u00e9 de 132&#215;48 pixels.<\/p>\n","protected":false},"featured_media":859,"template":"","meta":{"om_disable_all_campaigns":false,"_monsterinsights_skip_tracking":false,"_monsterinsights_sitenote_active":false,"_monsterinsights_sitenote_note":"","_monsterinsights_sitenote_category":0},"product_brand":[],"product_cat":[46],"product_tag":[],"class_list":{"0":"post-866","1":"product","2":"type-product","3":"status-publish","4":"has-post-thumbnail","6":"product_cat-grandstream","8":"first","9":"instock","10":"taxable","11":"shipping-taxable","12":"product-type-simple"},"aioseo_notices":[],"_links":{"self":[{"href":"https:\/\/equi-tel.com\/boutique\/wp-json\/wp\/v2\/product\/866","targetHints":{"allow":["GET"]}}],"collection":[{"href":"https:\/\/equi-tel.com\/boutique\/wp-json\/wp\/v2\/product"}],"about":[{"href":"https:\/\/equi-tel.com\/boutique\/wp-json\/wp\/v2\/types\/product"}],"wp:featuredmedia":[{"embeddable":true,"href":"https:\/\/equi-tel.com\/boutique\/wp-json\/wp\/v2\/media\/859"}],"wp:attachment":[{"href":"https:\/\/equi-tel.com\/boutique\/wp-json\/wp\/v2\/media?parent=866"}],"wp:term":[{"taxonomy":"product_brand","embeddable":true,"href":"https:\/\/equi-tel.com\/boutique\/wp-json\/wp\/v2\/product_brand?post=866"},{"taxonomy":"product_cat","embeddable":true,"href":"https:\/\/equi-tel.com\/boutique\/wp-json\/wp\/v2\/product_cat?post=866"},{"taxonomy":"product_tag","embeddable":true,"href":"https:\/\/equi-tel.com\/boutique\/wp-json\/wp\/v2\/product_tag?post=866"}],"curies":[{"name":"wp","href":"https:\/\/api.w.org\/{rel}","templated":true}]}}