{"id":727,"date":"2024-11-11T11:38:26","date_gmt":"2024-11-11T16:38:26","guid":{"rendered":"https:\/\/equi-tel.com\/boutique\/?post_type=product&#038;p=727"},"modified":"2026-01-20T09:11:35","modified_gmt":"2026-01-20T14:11:35","slug":"grp2602w","status":"publish","type":"product","link":"https:\/\/equi-tel.com\/boutique\/product\/grp2602w\/","title":{"rendered":"GRP2602W"},"content":{"rendered":"<table width=\"880\">\n<tbody>\n<tr>\n<td colspan=\"11\" width=\"880\">T\u00e9l\u00e9phone Wi-Fi, 2 x Fast Ethernet, 2 x touches de ligne, AC uniquement (adaptateur inclus, pas PoE), \u00e9cran LCD 2,21 pouces, audio HD, prise RJ9<\/td>\n<\/tr>\n<\/tbody>\n<\/table>\n","protected":false},"excerpt":{"rendered":"<p>T\u00e9l\u00e9phone Wi-Fi, 2 x Fast Ethernet, 2 x touches de ligne, AC uniquement (adaptateur inclus, pas PoE), \u00e9cran LCD 2,21 pouces, audio HD, prise RJ9<\/p>\n","protected":false},"featured_media":718,"template":"","meta":{"om_disable_all_campaigns":false,"_monsterinsights_skip_tracking":false,"_monsterinsights_sitenote_active":false,"_monsterinsights_sitenote_note":"","_monsterinsights_sitenote_category":0},"product_brand":[],"product_cat":[46],"product_tag":[],"class_list":{"0":"post-727","1":"product","2":"type-product","3":"status-publish","4":"has-post-thumbnail","6":"product_cat-grandstream","8":"first","9":"instock","10":"taxable","11":"shipping-taxable","12":"product-type-simple"},"aioseo_notices":[],"_links":{"self":[{"href":"https:\/\/equi-tel.com\/boutique\/wp-json\/wp\/v2\/product\/727","targetHints":{"allow":["GET"]}}],"collection":[{"href":"https:\/\/equi-tel.com\/boutique\/wp-json\/wp\/v2\/product"}],"about":[{"href":"https:\/\/equi-tel.com\/boutique\/wp-json\/wp\/v2\/types\/product"}],"wp:featuredmedia":[{"embeddable":true,"href":"https:\/\/equi-tel.com\/boutique\/wp-json\/wp\/v2\/media\/718"}],"wp:attachment":[{"href":"https:\/\/equi-tel.com\/boutique\/wp-json\/wp\/v2\/media?parent=727"}],"wp:term":[{"taxonomy":"product_brand","embeddable":true,"href":"https:\/\/equi-tel.com\/boutique\/wp-json\/wp\/v2\/product_brand?post=727"},{"taxonomy":"product_cat","embeddable":true,"href":"https:\/\/equi-tel.com\/boutique\/wp-json\/wp\/v2\/product_cat?post=727"},{"taxonomy":"product_tag","embeddable":true,"href":"https:\/\/equi-tel.com\/boutique\/wp-json\/wp\/v2\/product_tag?post=727"}],"curies":[{"name":"wp","href":"https:\/\/api.w.org\/{rel}","templated":true}]}}