{"id":711,"date":"2024-11-11T10:55:48","date_gmt":"2024-11-11T15:55:48","guid":{"rendered":"https:\/\/equi-tel.com\/boutique\/?post_type=product&#038;p=711"},"modified":"2026-01-19T10:36:54","modified_gmt":"2026-01-19T15:36:54","slug":"ghp621w","status":"publish","type":"product","link":"https:\/\/equi-tel.com\/boutique\/product\/ghp621w\/","title":{"rendered":"GHP621W"},"content":{"rendered":"<table width=\"320\">\n<tbody>\n<tr>\n<td colspan=\"4\" width=\"320\">T\u00e9l\u00e9phone d&#8217;h\u00f4tel de bureau avec Wi-Fi int\u00e9gr\u00e9 &#8211; Noir<\/td>\n<\/tr>\n<\/tbody>\n<\/table>\n","protected":false},"excerpt":{"rendered":"<p>T\u00e9l\u00e9phone d&#8217;h\u00f4tel de bureau avec Wi-Fi int\u00e9gr\u00e9 &#8211; Noir<\/p>\n","protected":false},"featured_media":712,"template":"","meta":{"om_disable_all_campaigns":false,"_monsterinsights_skip_tracking":false,"_monsterinsights_sitenote_active":false,"_monsterinsights_sitenote_note":"","_monsterinsights_sitenote_category":0},"product_brand":[],"product_cat":[46],"product_tag":[],"class_list":{"0":"post-711","1":"product","2":"type-product","3":"status-publish","4":"has-post-thumbnail","6":"product_cat-grandstream","8":"first","9":"instock","10":"taxable","11":"shipping-taxable","12":"product-type-simple"},"aioseo_notices":[],"_links":{"self":[{"href":"https:\/\/equi-tel.com\/boutique\/wp-json\/wp\/v2\/product\/711","targetHints":{"allow":["GET"]}}],"collection":[{"href":"https:\/\/equi-tel.com\/boutique\/wp-json\/wp\/v2\/product"}],"about":[{"href":"https:\/\/equi-tel.com\/boutique\/wp-json\/wp\/v2\/types\/product"}],"wp:featuredmedia":[{"embeddable":true,"href":"https:\/\/equi-tel.com\/boutique\/wp-json\/wp\/v2\/media\/712"}],"wp:attachment":[{"href":"https:\/\/equi-tel.com\/boutique\/wp-json\/wp\/v2\/media?parent=711"}],"wp:term":[{"taxonomy":"product_brand","embeddable":true,"href":"https:\/\/equi-tel.com\/boutique\/wp-json\/wp\/v2\/product_brand?post=711"},{"taxonomy":"product_cat","embeddable":true,"href":"https:\/\/equi-tel.com\/boutique\/wp-json\/wp\/v2\/product_cat?post=711"},{"taxonomy":"product_tag","embeddable":true,"href":"https:\/\/equi-tel.com\/boutique\/wp-json\/wp\/v2\/product_tag?post=711"}],"curies":[{"name":"wp","href":"https:\/\/api.w.org\/{rel}","templated":true}]}}