{"id":698,"date":"2024-11-11T10:31:08","date_gmt":"2024-11-11T15:31:08","guid":{"rendered":"https:\/\/equi-tel.com\/boutique\/?post_type=product&#038;p=698"},"modified":"2026-01-16T15:03:46","modified_gmt":"2026-01-16T20:03:46","slug":"ghp610w","status":"publish","type":"product","link":"https:\/\/equi-tel.com\/boutique\/product\/ghp610w\/","title":{"rendered":"GHP610W"},"content":{"rendered":"<table width=\"320\">\n<tbody>\n<tr>\n<td colspan=\"4\" width=\"320\">T\u00e9l\u00e9phone d&#8217;h\u00f4tel compact avec Wi-Fi int\u00e9gr\u00e9 &#8211; Blanc<\/td>\n<\/tr>\n<\/tbody>\n<\/table>\n","protected":false},"excerpt":{"rendered":"<p>T\u00e9l\u00e9phone d&#8217;h\u00f4tel compact avec Wi-Fi int\u00e9gr\u00e9 &#8211; Blanc<\/p>\n","protected":false},"featured_media":695,"template":"","meta":{"om_disable_all_campaigns":false,"_monsterinsights_skip_tracking":false,"_monsterinsights_sitenote_active":false,"_monsterinsights_sitenote_note":"","_monsterinsights_sitenote_category":0},"product_brand":[],"product_cat":[46],"product_tag":[],"class_list":{"0":"post-698","1":"product","2":"type-product","3":"status-publish","4":"has-post-thumbnail","6":"product_cat-grandstream","8":"first","9":"instock","10":"taxable","11":"shipping-taxable","12":"product-type-simple"},"aioseo_notices":[],"_links":{"self":[{"href":"https:\/\/equi-tel.com\/boutique\/wp-json\/wp\/v2\/product\/698","targetHints":{"allow":["GET"]}}],"collection":[{"href":"https:\/\/equi-tel.com\/boutique\/wp-json\/wp\/v2\/product"}],"about":[{"href":"https:\/\/equi-tel.com\/boutique\/wp-json\/wp\/v2\/types\/product"}],"wp:featuredmedia":[{"embeddable":true,"href":"https:\/\/equi-tel.com\/boutique\/wp-json\/wp\/v2\/media\/695"}],"wp:attachment":[{"href":"https:\/\/equi-tel.com\/boutique\/wp-json\/wp\/v2\/media?parent=698"}],"wp:term":[{"taxonomy":"product_brand","embeddable":true,"href":"https:\/\/equi-tel.com\/boutique\/wp-json\/wp\/v2\/product_brand?post=698"},{"taxonomy":"product_cat","embeddable":true,"href":"https:\/\/equi-tel.com\/boutique\/wp-json\/wp\/v2\/product_cat?post=698"},{"taxonomy":"product_tag","embeddable":true,"href":"https:\/\/equi-tel.com\/boutique\/wp-json\/wp\/v2\/product_tag?post=698"}],"curies":[{"name":"wp","href":"https:\/\/api.w.org\/{rel}","templated":true}]}}