{"id":673,"date":"2024-11-11T09:55:57","date_gmt":"2024-11-11T14:55:57","guid":{"rendered":"https:\/\/equi-tel.com\/boutique\/?post_type=product&#038;p=673"},"modified":"2026-01-16T14:17:17","modified_gmt":"2026-01-16T19:17:17","slug":"gac2570","status":"publish","type":"product","link":"https:\/\/equi-tel.com\/boutique\/product\/gac2570\/","title":{"rendered":"GAC2570"},"content":{"rendered":"<table width=\"480\">\n<tbody>\n<tr>\n<td colspan=\"6\" width=\"480\">T\u00e9l\u00e9phone de conf\u00e9rence d&#8217;entreprise, WiFi 6, Bluetooth, batterie int\u00e9gr\u00e9e<\/td>\n<\/tr>\n<\/tbody>\n<\/table>\n","protected":false},"excerpt":{"rendered":"<p>T\u00e9l\u00e9phone de conf\u00e9rence d&#8217;entreprise, WiFi 6, Bluetooth, batterie int\u00e9gr\u00e9e<\/p>\n","protected":false},"featured_media":674,"template":"","meta":{"om_disable_all_campaigns":false,"_monsterinsights_skip_tracking":false,"_monsterinsights_sitenote_active":false,"_monsterinsights_sitenote_note":"","_monsterinsights_sitenote_category":0},"product_brand":[],"product_cat":[46],"product_tag":[],"class_list":{"0":"post-673","1":"product","2":"type-product","3":"status-publish","4":"has-post-thumbnail","6":"product_cat-grandstream","8":"first","9":"instock","10":"taxable","11":"shipping-taxable","12":"product-type-simple"},"aioseo_notices":[],"_links":{"self":[{"href":"https:\/\/equi-tel.com\/boutique\/wp-json\/wp\/v2\/product\/673","targetHints":{"allow":["GET"]}}],"collection":[{"href":"https:\/\/equi-tel.com\/boutique\/wp-json\/wp\/v2\/product"}],"about":[{"href":"https:\/\/equi-tel.com\/boutique\/wp-json\/wp\/v2\/types\/product"}],"wp:featuredmedia":[{"embeddable":true,"href":"https:\/\/equi-tel.com\/boutique\/wp-json\/wp\/v2\/media\/674"}],"wp:attachment":[{"href":"https:\/\/equi-tel.com\/boutique\/wp-json\/wp\/v2\/media?parent=673"}],"wp:term":[{"taxonomy":"product_brand","embeddable":true,"href":"https:\/\/equi-tel.com\/boutique\/wp-json\/wp\/v2\/product_brand?post=673"},{"taxonomy":"product_cat","embeddable":true,"href":"https:\/\/equi-tel.com\/boutique\/wp-json\/wp\/v2\/product_cat?post=673"},{"taxonomy":"product_tag","embeddable":true,"href":"https:\/\/equi-tel.com\/boutique\/wp-json\/wp\/v2\/product_tag?post=673"}],"curies":[{"name":"wp","href":"https:\/\/api.w.org\/{rel}","templated":true}]}}