{"id":670,"date":"2024-11-11T09:53:03","date_gmt":"2024-11-11T14:53:03","guid":{"rendered":"https:\/\/equi-tel.com\/boutique\/?post_type=product&#038;p=670"},"modified":"2026-01-16T14:15:27","modified_gmt":"2026-01-16T19:15:27","slug":"gac2500","status":"publish","type":"product","link":"https:\/\/equi-tel.com\/boutique\/product\/gac2500\/","title":{"rendered":"GAC2500"},"content":{"rendered":"<table width=\"720\">\n<tbody>\n<tr>\n<td colspan=\"9\" width=\"720\">T\u00e9l\u00e9phone de conf\u00e9rence VoIP SIP Android 4.4, 1 x Gigabit Ethernet, AC + PoE +, LCD IPS couleur tactile 4,3 pouces.<\/td>\n<\/tr>\n<\/tbody>\n<\/table>\n","protected":false},"excerpt":{"rendered":"<p>T\u00e9l\u00e9phone de conf\u00e9rence VoIP SIP Android 4.4, 1 x Gigabit Ethernet, AC + PoE +, LCD IPS couleur tactile 4,3 pouces.<\/p>\n","protected":false},"featured_media":671,"template":"","meta":{"om_disable_all_campaigns":false,"_monsterinsights_skip_tracking":false,"_monsterinsights_sitenote_active":false,"_monsterinsights_sitenote_note":"","_monsterinsights_sitenote_category":0},"product_brand":[],"product_cat":[46],"product_tag":[],"class_list":{"0":"post-670","1":"product","2":"type-product","3":"status-publish","4":"has-post-thumbnail","6":"product_cat-grandstream","8":"first","9":"instock","10":"taxable","11":"shipping-taxable","12":"product-type-simple"},"aioseo_notices":[],"_links":{"self":[{"href":"https:\/\/equi-tel.com\/boutique\/wp-json\/wp\/v2\/product\/670","targetHints":{"allow":["GET"]}}],"collection":[{"href":"https:\/\/equi-tel.com\/boutique\/wp-json\/wp\/v2\/product"}],"about":[{"href":"https:\/\/equi-tel.com\/boutique\/wp-json\/wp\/v2\/types\/product"}],"wp:featuredmedia":[{"embeddable":true,"href":"https:\/\/equi-tel.com\/boutique\/wp-json\/wp\/v2\/media\/671"}],"wp:attachment":[{"href":"https:\/\/equi-tel.com\/boutique\/wp-json\/wp\/v2\/media?parent=670"}],"wp:term":[{"taxonomy":"product_brand","embeddable":true,"href":"https:\/\/equi-tel.com\/boutique\/wp-json\/wp\/v2\/product_brand?post=670"},{"taxonomy":"product_cat","embeddable":true,"href":"https:\/\/equi-tel.com\/boutique\/wp-json\/wp\/v2\/product_cat?post=670"},{"taxonomy":"product_tag","embeddable":true,"href":"https:\/\/equi-tel.com\/boutique\/wp-json\/wp\/v2\/product_tag?post=670"}],"curies":[{"name":"wp","href":"https:\/\/api.w.org\/{rel}","templated":true}]}}