{"id":662,"date":"2024-11-11T09:46:52","date_gmt":"2024-11-11T14:46:52","guid":{"rendered":"https:\/\/equi-tel.com\/boutique\/?post_type=product&#038;p=662"},"modified":"2026-01-16T14:06:55","modified_gmt":"2026-01-16T19:06:55","slug":"dp755","status":"publish","type":"product","link":"https:\/\/equi-tel.com\/boutique\/product\/dp755\/","title":{"rendered":"DP755"},"content":{"rendered":"<table width=\"1120\">\n<tbody>\n<tr>\n<td colspan=\"14\" width=\"1120\">Jusqu&#8217;\u00e0 20 comptes SIP par syst\u00e8me ; jusqu&#8217;\u00e0 20 lignes par combin\u00e9. Technologie d&#8217;authentification et de cryptage DECT. Peut \u00eatre jumel\u00e9 \u00e0 10 combin\u00e9s DECT de la s\u00e9rie DP de Grandstream.<\/td>\n<\/tr>\n<\/tbody>\n<\/table>\n","protected":false},"excerpt":{"rendered":"<p>Jusqu&#8217;\u00e0 20 comptes SIP par syst\u00e8me ; jusqu&#8217;\u00e0 20 lignes par combin\u00e9. Technologie d&#8217;authentification et de cryptage DECT. Peut \u00eatre jumel\u00e9 \u00e0 10 combin\u00e9s DECT de la s\u00e9rie DP de Grandstream.<\/p>\n","protected":false},"featured_media":663,"template":"","meta":{"om_disable_all_campaigns":false,"_monsterinsights_skip_tracking":false,"_monsterinsights_sitenote_active":false,"_monsterinsights_sitenote_note":"","_monsterinsights_sitenote_category":0},"product_brand":[],"product_cat":[46],"product_tag":[],"class_list":{"0":"post-662","1":"product","2":"type-product","3":"status-publish","4":"has-post-thumbnail","6":"product_cat-grandstream","8":"first","9":"instock","10":"taxable","11":"shipping-taxable","12":"product-type-simple"},"aioseo_notices":[],"_links":{"self":[{"href":"https:\/\/equi-tel.com\/boutique\/wp-json\/wp\/v2\/product\/662","targetHints":{"allow":["GET"]}}],"collection":[{"href":"https:\/\/equi-tel.com\/boutique\/wp-json\/wp\/v2\/product"}],"about":[{"href":"https:\/\/equi-tel.com\/boutique\/wp-json\/wp\/v2\/types\/product"}],"wp:featuredmedia":[{"embeddable":true,"href":"https:\/\/equi-tel.com\/boutique\/wp-json\/wp\/v2\/media\/663"}],"wp:attachment":[{"href":"https:\/\/equi-tel.com\/boutique\/wp-json\/wp\/v2\/media?parent=662"}],"wp:term":[{"taxonomy":"product_brand","embeddable":true,"href":"https:\/\/equi-tel.com\/boutique\/wp-json\/wp\/v2\/product_brand?post=662"},{"taxonomy":"product_cat","embeddable":true,"href":"https:\/\/equi-tel.com\/boutique\/wp-json\/wp\/v2\/product_cat?post=662"},{"taxonomy":"product_tag","embeddable":true,"href":"https:\/\/equi-tel.com\/boutique\/wp-json\/wp\/v2\/product_tag?post=662"}],"curies":[{"name":"wp","href":"https:\/\/api.w.org\/{rel}","templated":true}]}}