{"id":657,"date":"2024-11-11T09:41:35","date_gmt":"2024-11-11T14:41:35","guid":{"rendered":"https:\/\/equi-tel.com\/boutique\/?post_type=product&#038;p=657"},"modified":"2026-01-16T13:26:14","modified_gmt":"2026-01-16T18:26:14","slug":"dp752","status":"publish","type":"product","link":"https:\/\/equi-tel.com\/boutique\/product\/dp752\/","title":{"rendered":"DP752"},"content":{"rendered":"<table width=\"880\">\n<tbody>\n<tr>\n<td colspan=\"11\" width=\"880\">Base VoIP SIP DECT longue port\u00e9e, AC + PoE, prend en charge jusqu&#8217;\u00e0 5 x appels simultan\u00e9s, 5 x combin\u00e9s DP720 \/ DP722 \/ DP730 (non inclus).<\/td>\n<\/tr>\n<\/tbody>\n<\/table>\n","protected":false},"excerpt":{"rendered":"<p>Base VoIP SIP DECT longue port\u00e9e, AC + PoE, prend en charge jusqu&#8217;\u00e0 5 x appels simultan\u00e9s, 5 x combin\u00e9s DP720 \/ DP722 \/ DP730 (non inclus).<\/p>\n","protected":false},"featured_media":659,"template":"","meta":{"om_disable_all_campaigns":false,"_monsterinsights_skip_tracking":false,"_monsterinsights_sitenote_active":false,"_monsterinsights_sitenote_note":"","_monsterinsights_sitenote_category":0},"product_brand":[],"product_cat":[46],"product_tag":[],"class_list":{"0":"post-657","1":"product","2":"type-product","3":"status-publish","4":"has-post-thumbnail","6":"product_cat-grandstream","8":"first","9":"instock","10":"taxable","11":"shipping-taxable","12":"product-type-simple"},"aioseo_notices":[],"_links":{"self":[{"href":"https:\/\/equi-tel.com\/boutique\/wp-json\/wp\/v2\/product\/657","targetHints":{"allow":["GET"]}}],"collection":[{"href":"https:\/\/equi-tel.com\/boutique\/wp-json\/wp\/v2\/product"}],"about":[{"href":"https:\/\/equi-tel.com\/boutique\/wp-json\/wp\/v2\/types\/product"}],"wp:featuredmedia":[{"embeddable":true,"href":"https:\/\/equi-tel.com\/boutique\/wp-json\/wp\/v2\/media\/659"}],"wp:attachment":[{"href":"https:\/\/equi-tel.com\/boutique\/wp-json\/wp\/v2\/media?parent=657"}],"wp:term":[{"taxonomy":"product_brand","embeddable":true,"href":"https:\/\/equi-tel.com\/boutique\/wp-json\/wp\/v2\/product_brand?post=657"},{"taxonomy":"product_cat","embeddable":true,"href":"https:\/\/equi-tel.com\/boutique\/wp-json\/wp\/v2\/product_cat?post=657"},{"taxonomy":"product_tag","embeddable":true,"href":"https:\/\/equi-tel.com\/boutique\/wp-json\/wp\/v2\/product_tag?post=657"}],"curies":[{"name":"wp","href":"https:\/\/api.w.org\/{rel}","templated":true}]}}