{"id":653,"date":"2024-11-11T09:37:48","date_gmt":"2024-11-11T14:37:48","guid":{"rendered":"https:\/\/equi-tel.com\/boutique\/?post_type=product&#038;p=653"},"modified":"2026-01-16T13:57:56","modified_gmt":"2026-01-16T18:57:56","slug":"dp750","status":"publish","type":"product","link":"https:\/\/equi-tel.com\/boutique\/product\/dp750\/","title":{"rendered":"DP750"},"content":{"rendered":"<table width=\"720\">\n<tbody>\n<tr>\n<td colspan=\"9\" width=\"720\">Base VoIP SIP DECT, AC + PoE, prend en charge jusqu&#8217;\u00e0 4 x appels simultan\u00e9s, 5 x combin\u00e9s DP720 \/ DP722 (non inclus).<\/td>\n<\/tr>\n<\/tbody>\n<\/table>\n","protected":false},"excerpt":{"rendered":"<p>Base VoIP SIP DECT, AC + PoE, prend en charge jusqu&#8217;\u00e0 4 x appels simultan\u00e9s, 5 x combin\u00e9s DP720 \/ DP722 (non inclus).<\/p>\n","protected":false},"featured_media":654,"template":"","meta":{"om_disable_all_campaigns":false,"_monsterinsights_skip_tracking":false,"_monsterinsights_sitenote_active":false,"_monsterinsights_sitenote_note":"","_monsterinsights_sitenote_category":0},"product_brand":[],"product_cat":[46],"product_tag":[],"class_list":{"0":"post-653","1":"product","2":"type-product","3":"status-publish","4":"has-post-thumbnail","6":"product_cat-grandstream","8":"first","9":"instock","10":"taxable","11":"shipping-taxable","12":"product-type-simple"},"aioseo_notices":[],"_links":{"self":[{"href":"https:\/\/equi-tel.com\/boutique\/wp-json\/wp\/v2\/product\/653","targetHints":{"allow":["GET"]}}],"collection":[{"href":"https:\/\/equi-tel.com\/boutique\/wp-json\/wp\/v2\/product"}],"about":[{"href":"https:\/\/equi-tel.com\/boutique\/wp-json\/wp\/v2\/types\/product"}],"wp:featuredmedia":[{"embeddable":true,"href":"https:\/\/equi-tel.com\/boutique\/wp-json\/wp\/v2\/media\/654"}],"wp:attachment":[{"href":"https:\/\/equi-tel.com\/boutique\/wp-json\/wp\/v2\/media?parent=653"}],"wp:term":[{"taxonomy":"product_brand","embeddable":true,"href":"https:\/\/equi-tel.com\/boutique\/wp-json\/wp\/v2\/product_brand?post=653"},{"taxonomy":"product_cat","embeddable":true,"href":"https:\/\/equi-tel.com\/boutique\/wp-json\/wp\/v2\/product_cat?post=653"},{"taxonomy":"product_tag","embeddable":true,"href":"https:\/\/equi-tel.com\/boutique\/wp-json\/wp\/v2\/product_tag?post=653"}],"curies":[{"name":"wp","href":"https:\/\/api.w.org\/{rel}","templated":true}]}}