{"id":513,"date":"2024-06-07T09:12:58","date_gmt":"2024-06-07T13:12:58","guid":{"rendered":"https:\/\/equi-tel.com\/boutique\/?post_type=product&#038;p=513"},"modified":"2026-01-16T15:10:56","modified_gmt":"2026-01-16T20:10:56","slug":"gwn7816","status":"publish","type":"product","link":"https:\/\/equi-tel.com\/boutique\/product\/gwn7816\/","title":{"rendered":"GWN7816"},"content":{"rendered":"","protected":false},"excerpt":{"rendered":"<p>48 ports Gigabit, 6 ports SFP+ 10 Gbps, alimentation rempla\u00e7able \u00e0 chaud, commutation 216 Gbps, agr\u00e9gation de liens 27, 4 ventilateurs. Garantie standard de 3 ans du fabricant.<\/p>\n","protected":false},"featured_media":514,"template":"","meta":{"om_disable_all_campaigns":false,"_monsterinsights_skip_tracking":false,"_monsterinsights_sitenote_active":false,"_monsterinsights_sitenote_note":"","_monsterinsights_sitenote_category":0},"product_brand":[],"product_cat":[46],"product_tag":[],"class_list":{"0":"post-513","1":"product","2":"type-product","3":"status-publish","4":"has-post-thumbnail","6":"product_cat-grandstream","8":"first","9":"instock","10":"taxable","11":"shipping-taxable","12":"product-type-simple"},"aioseo_notices":[],"_links":{"self":[{"href":"https:\/\/equi-tel.com\/boutique\/wp-json\/wp\/v2\/product\/513","targetHints":{"allow":["GET"]}}],"collection":[{"href":"https:\/\/equi-tel.com\/boutique\/wp-json\/wp\/v2\/product"}],"about":[{"href":"https:\/\/equi-tel.com\/boutique\/wp-json\/wp\/v2\/types\/product"}],"wp:featuredmedia":[{"embeddable":true,"href":"https:\/\/equi-tel.com\/boutique\/wp-json\/wp\/v2\/media\/514"}],"wp:attachment":[{"href":"https:\/\/equi-tel.com\/boutique\/wp-json\/wp\/v2\/media?parent=513"}],"wp:term":[{"taxonomy":"product_brand","embeddable":true,"href":"https:\/\/equi-tel.com\/boutique\/wp-json\/wp\/v2\/product_brand?post=513"},{"taxonomy":"product_cat","embeddable":true,"href":"https:\/\/equi-tel.com\/boutique\/wp-json\/wp\/v2\/product_cat?post=513"},{"taxonomy":"product_tag","embeddable":true,"href":"https:\/\/equi-tel.com\/boutique\/wp-json\/wp\/v2\/product_tag?post=513"}],"curies":[{"name":"wp","href":"https:\/\/api.w.org\/{rel}","templated":true}]}}