{"id":512,"date":"2024-06-07T08:48:26","date_gmt":"2024-06-07T12:48:26","guid":{"rendered":"https:\/\/equi-tel.com\/boutique\/?post_type=product&#038;p=512"},"modified":"2026-01-16T15:08:40","modified_gmt":"2026-01-16T20:08:40","slug":"gwn7813p","status":"publish","type":"product","link":"https:\/\/equi-tel.com\/boutique\/product\/gwn7813p\/","title":{"rendered":"GWN7813P"},"content":{"rendered":"","protected":false},"excerpt":{"rendered":"<p>Commutateur r\u00e9seau PoE g\u00e9r\u00e9 de niveau 3 d&#8217;entreprise, 24 x GigE, 4 x SFP+. 24 ports POE, Total 360W. Garantie standard de 3 ans du fabricant.<\/p>\n","protected":false},"featured_media":527,"template":"","meta":{"om_disable_all_campaigns":false,"_monsterinsights_skip_tracking":false,"_monsterinsights_sitenote_active":false,"_monsterinsights_sitenote_note":"","_monsterinsights_sitenote_category":0},"product_brand":[],"product_cat":[46],"product_tag":[],"class_list":{"0":"post-512","1":"product","2":"type-product","3":"status-publish","4":"has-post-thumbnail","6":"product_cat-grandstream","8":"first","9":"instock","10":"taxable","11":"shipping-taxable","12":"product-type-simple"},"aioseo_notices":[],"_links":{"self":[{"href":"https:\/\/equi-tel.com\/boutique\/wp-json\/wp\/v2\/product\/512","targetHints":{"allow":["GET"]}}],"collection":[{"href":"https:\/\/equi-tel.com\/boutique\/wp-json\/wp\/v2\/product"}],"about":[{"href":"https:\/\/equi-tel.com\/boutique\/wp-json\/wp\/v2\/types\/product"}],"wp:featuredmedia":[{"embeddable":true,"href":"https:\/\/equi-tel.com\/boutique\/wp-json\/wp\/v2\/media\/527"}],"wp:attachment":[{"href":"https:\/\/equi-tel.com\/boutique\/wp-json\/wp\/v2\/media?parent=512"}],"wp:term":[{"taxonomy":"product_brand","embeddable":true,"href":"https:\/\/equi-tel.com\/boutique\/wp-json\/wp\/v2\/product_brand?post=512"},{"taxonomy":"product_cat","embeddable":true,"href":"https:\/\/equi-tel.com\/boutique\/wp-json\/wp\/v2\/product_cat?post=512"},{"taxonomy":"product_tag","embeddable":true,"href":"https:\/\/equi-tel.com\/boutique\/wp-json\/wp\/v2\/product_tag?post=512"}],"curies":[{"name":"wp","href":"https:\/\/api.w.org\/{rel}","templated":true}]}}