{"id":510,"date":"2024-06-07T08:47:36","date_gmt":"2024-06-07T12:47:36","guid":{"rendered":"https:\/\/equi-tel.com\/boutique\/?post_type=product&#038;p=510"},"modified":"2026-01-16T14:59:45","modified_gmt":"2026-01-16T19:59:45","slug":"gwn7812p","status":"publish","type":"product","link":"https:\/\/equi-tel.com\/boutique\/product\/gwn7812p\/","title":{"rendered":"GWN7812P"},"content":{"rendered":"","protected":false},"excerpt":{"rendered":"<p>Commutateur r\u00e9seau PoE g\u00e9r\u00e9 de niveau 3 d&#8217;entreprise, 16 x GigE, 4 x SFP+. 16 ports POE. Garantie standard de 3 ans du fabricant.<\/p>\n","protected":false},"featured_media":529,"template":"","meta":{"om_disable_all_campaigns":false,"_monsterinsights_skip_tracking":false,"_monsterinsights_sitenote_active":false,"_monsterinsights_sitenote_note":"","_monsterinsights_sitenote_category":0},"product_brand":[],"product_cat":[46],"product_tag":[],"class_list":{"0":"post-510","1":"product","2":"type-product","3":"status-publish","4":"has-post-thumbnail","6":"product_cat-grandstream","8":"first","9":"instock","10":"taxable","11":"shipping-taxable","12":"product-type-simple"},"aioseo_notices":[],"_links":{"self":[{"href":"https:\/\/equi-tel.com\/boutique\/wp-json\/wp\/v2\/product\/510","targetHints":{"allow":["GET"]}}],"collection":[{"href":"https:\/\/equi-tel.com\/boutique\/wp-json\/wp\/v2\/product"}],"about":[{"href":"https:\/\/equi-tel.com\/boutique\/wp-json\/wp\/v2\/types\/product"}],"wp:featuredmedia":[{"embeddable":true,"href":"https:\/\/equi-tel.com\/boutique\/wp-json\/wp\/v2\/media\/529"}],"wp:attachment":[{"href":"https:\/\/equi-tel.com\/boutique\/wp-json\/wp\/v2\/media?parent=510"}],"wp:term":[{"taxonomy":"product_brand","embeddable":true,"href":"https:\/\/equi-tel.com\/boutique\/wp-json\/wp\/v2\/product_brand?post=510"},{"taxonomy":"product_cat","embeddable":true,"href":"https:\/\/equi-tel.com\/boutique\/wp-json\/wp\/v2\/product_cat?post=510"},{"taxonomy":"product_tag","embeddable":true,"href":"https:\/\/equi-tel.com\/boutique\/wp-json\/wp\/v2\/product_tag?post=510"}],"curies":[{"name":"wp","href":"https:\/\/api.w.org\/{rel}","templated":true}]}}