{"id":490,"date":"2024-06-06T15:19:27","date_gmt":"2024-06-06T19:19:27","guid":{"rendered":"https:\/\/equi-tel.com\/boutique\/?post_type=product&#038;p=490"},"modified":"2026-01-16T11:11:50","modified_gmt":"2026-01-16T16:11:50","slug":"gwn7701pa","status":"publish","type":"product","link":"https:\/\/equi-tel.com\/boutique\/product\/gwn7701pa\/","title":{"rendered":"GWN7701PA"},"content":{"rendered":"","protected":false},"excerpt":{"rendered":"<p>Commutateur r\u00e9seau non g\u00e9r\u00e9, 8 x GigE (8 x PoE) ; 1~8 Ports 802.3 af\/at. Budget \u00e9nerg\u00e9tique de 145 W. Garantie standard de 3 ans du fabricant.<\/p>\n","protected":false},"featured_media":491,"template":"","meta":{"om_disable_all_campaigns":false,"_monsterinsights_skip_tracking":false,"_monsterinsights_sitenote_active":false,"_monsterinsights_sitenote_note":"","_monsterinsights_sitenote_category":0},"product_brand":[],"product_cat":[46],"product_tag":[],"class_list":{"0":"post-490","1":"product","2":"type-product","3":"status-publish","4":"has-post-thumbnail","6":"product_cat-grandstream","8":"first","9":"instock","10":"taxable","11":"shipping-taxable","12":"product-type-simple"},"aioseo_notices":[],"_links":{"self":[{"href":"https:\/\/equi-tel.com\/boutique\/wp-json\/wp\/v2\/product\/490","targetHints":{"allow":["GET"]}}],"collection":[{"href":"https:\/\/equi-tel.com\/boutique\/wp-json\/wp\/v2\/product"}],"about":[{"href":"https:\/\/equi-tel.com\/boutique\/wp-json\/wp\/v2\/types\/product"}],"wp:featuredmedia":[{"embeddable":true,"href":"https:\/\/equi-tel.com\/boutique\/wp-json\/wp\/v2\/media\/491"}],"wp:attachment":[{"href":"https:\/\/equi-tel.com\/boutique\/wp-json\/wp\/v2\/media?parent=490"}],"wp:term":[{"taxonomy":"product_brand","embeddable":true,"href":"https:\/\/equi-tel.com\/boutique\/wp-json\/wp\/v2\/product_brand?post=490"},{"taxonomy":"product_cat","embeddable":true,"href":"https:\/\/equi-tel.com\/boutique\/wp-json\/wp\/v2\/product_cat?post=490"},{"taxonomy":"product_tag","embeddable":true,"href":"https:\/\/equi-tel.com\/boutique\/wp-json\/wp\/v2\/product_tag?post=490"}],"curies":[{"name":"wp","href":"https:\/\/api.w.org\/{rel}","templated":true}]}}