{"id":487,"date":"2024-06-06T14:15:19","date_gmt":"2024-06-06T18:15:19","guid":{"rendered":"https:\/\/equi-tel.com\/boutique\/?post_type=product&#038;p=487"},"modified":"2026-01-16T11:08:03","modified_gmt":"2026-01-16T16:08:03","slug":"gwn7701p","status":"publish","type":"product","link":"https:\/\/equi-tel.com\/boutique\/product\/gwn7701p\/","title":{"rendered":"GWN7701P"},"content":{"rendered":"","protected":false},"excerpt":{"rendered":"<p>Commutateur PoE non g\u00e9r\u00e9 de couche 2, 8 x GigE (4 x PoE), 1~4 ports conformes \u00e0 802.3 af\/at ; jusqu&#8217;\u00e0 30 W sur chaque port. Garantie standard de 3 ans du fabricant.<\/p>\n","protected":false},"featured_media":489,"template":"","meta":{"om_disable_all_campaigns":false,"_monsterinsights_skip_tracking":false,"_monsterinsights_sitenote_active":false,"_monsterinsights_sitenote_note":"","_monsterinsights_sitenote_category":0},"product_brand":[],"product_cat":[46],"product_tag":[],"class_list":{"0":"post-487","1":"product","2":"type-product","3":"status-publish","4":"has-post-thumbnail","6":"product_cat-grandstream","8":"first","9":"instock","10":"taxable","11":"shipping-taxable","12":"product-type-simple"},"aioseo_notices":[],"_links":{"self":[{"href":"https:\/\/equi-tel.com\/boutique\/wp-json\/wp\/v2\/product\/487","targetHints":{"allow":["GET"]}}],"collection":[{"href":"https:\/\/equi-tel.com\/boutique\/wp-json\/wp\/v2\/product"}],"about":[{"href":"https:\/\/equi-tel.com\/boutique\/wp-json\/wp\/v2\/types\/product"}],"wp:featuredmedia":[{"embeddable":true,"href":"https:\/\/equi-tel.com\/boutique\/wp-json\/wp\/v2\/media\/489"}],"wp:attachment":[{"href":"https:\/\/equi-tel.com\/boutique\/wp-json\/wp\/v2\/media?parent=487"}],"wp:term":[{"taxonomy":"product_brand","embeddable":true,"href":"https:\/\/equi-tel.com\/boutique\/wp-json\/wp\/v2\/product_brand?post=487"},{"taxonomy":"product_cat","embeddable":true,"href":"https:\/\/equi-tel.com\/boutique\/wp-json\/wp\/v2\/product_cat?post=487"},{"taxonomy":"product_tag","embeddable":true,"href":"https:\/\/equi-tel.com\/boutique\/wp-json\/wp\/v2\/product_tag?post=487"}],"curies":[{"name":"wp","href":"https:\/\/api.w.org\/{rel}","templated":true}]}}