{"id":478,"date":"2024-06-06T14:11:00","date_gmt":"2024-06-06T18:11:00","guid":{"rendered":"https:\/\/equi-tel.com\/boutique\/?post_type=product&#038;p=478"},"modified":"2025-08-13T16:28:05","modified_gmt":"2025-08-13T20:28:05","slug":"gwn7700p","status":"publish","type":"product","link":"https:\/\/equi-tel.com\/boutique\/product\/gwn7700p\/","title":{"rendered":"GWN7700P"},"content":{"rendered":"","protected":false},"excerpt":{"rendered":"<p>Commutateur PoE non g\u00e9r\u00e9 de couche 2, 5 x GigE (4 x PoE), 1~4 ports conformes \u00e0 802.3 af\/at ; jusqu&#8217;\u00e0 30 W sur chaque port. Garantie standard de 3 ans du fabricant.<\/p>\n","protected":false},"featured_media":479,"template":"","meta":{"om_disable_all_campaigns":false,"_monsterinsights_skip_tracking":false,"_monsterinsights_sitenote_active":false,"_monsterinsights_sitenote_note":"","_monsterinsights_sitenote_category":0},"product_brand":[],"product_cat":[46],"product_tag":[],"class_list":{"0":"post-478","1":"product","2":"type-product","3":"status-publish","4":"has-post-thumbnail","6":"product_cat-grandstream","8":"first","9":"instock","10":"taxable","11":"shipping-taxable","12":"product-type-simple"},"aioseo_notices":[],"_links":{"self":[{"href":"https:\/\/equi-tel.com\/boutique\/wp-json\/wp\/v2\/product\/478","targetHints":{"allow":["GET"]}}],"collection":[{"href":"https:\/\/equi-tel.com\/boutique\/wp-json\/wp\/v2\/product"}],"about":[{"href":"https:\/\/equi-tel.com\/boutique\/wp-json\/wp\/v2\/types\/product"}],"wp:featuredmedia":[{"embeddable":true,"href":"https:\/\/equi-tel.com\/boutique\/wp-json\/wp\/v2\/media\/479"}],"wp:attachment":[{"href":"https:\/\/equi-tel.com\/boutique\/wp-json\/wp\/v2\/media?parent=478"}],"wp:term":[{"taxonomy":"product_brand","embeddable":true,"href":"https:\/\/equi-tel.com\/boutique\/wp-json\/wp\/v2\/product_brand?post=478"},{"taxonomy":"product_cat","embeddable":true,"href":"https:\/\/equi-tel.com\/boutique\/wp-json\/wp\/v2\/product_cat?post=478"},{"taxonomy":"product_tag","embeddable":true,"href":"https:\/\/equi-tel.com\/boutique\/wp-json\/wp\/v2\/product_tag?post=478"}],"curies":[{"name":"wp","href":"https:\/\/api.w.org\/{rel}","templated":true}]}}