{"id":455,"date":"2024-06-06T13:55:14","date_gmt":"2024-06-06T17:55:14","guid":{"rendered":"https:\/\/equi-tel.com\/boutique\/?post_type=product&#038;p=455"},"modified":"2025-08-13T13:54:08","modified_gmt":"2025-08-13T17:54:08","slug":"gwn7660lr","status":"publish","type":"product","link":"https:\/\/equi-tel.com\/boutique\/product\/gwn7660lr\/","title":{"rendered":"GWN7660LR"},"content":{"rendered":"<p>GWN7660LR 802.11ax Wi-Fi 6 long-range outdoor wireless access point, 2 x Gigabit Ethernet, dual-band 2&#215;2:2 MU-MIMO<\/p>\n","protected":false},"excerpt":{"rendered":"<p>GWN7660LR Point d&#8217;acc\u00e8s sans fil ext\u00e9rieur longue port\u00e9e 802.11ax Wi-Fi 6, 2 x Gigabit Ethernet, PoE \/ PoE+ requis. Garantie standard de 3 ans du fabricant.<\/p>\n","protected":false},"featured_media":456,"template":"","meta":{"om_disable_all_campaigns":false,"_monsterinsights_skip_tracking":false,"_monsterinsights_sitenote_active":false,"_monsterinsights_sitenote_note":"","_monsterinsights_sitenote_category":0},"product_brand":[],"product_cat":[46],"product_tag":[],"class_list":{"0":"post-455","1":"product","2":"type-product","3":"status-publish","4":"has-post-thumbnail","6":"product_cat-grandstream","8":"first","9":"instock","10":"taxable","11":"shipping-taxable","12":"product-type-simple"},"aioseo_notices":[],"_links":{"self":[{"href":"https:\/\/equi-tel.com\/boutique\/wp-json\/wp\/v2\/product\/455","targetHints":{"allow":["GET"]}}],"collection":[{"href":"https:\/\/equi-tel.com\/boutique\/wp-json\/wp\/v2\/product"}],"about":[{"href":"https:\/\/equi-tel.com\/boutique\/wp-json\/wp\/v2\/types\/product"}],"wp:featuredmedia":[{"embeddable":true,"href":"https:\/\/equi-tel.com\/boutique\/wp-json\/wp\/v2\/media\/456"}],"wp:attachment":[{"href":"https:\/\/equi-tel.com\/boutique\/wp-json\/wp\/v2\/media?parent=455"}],"wp:term":[{"taxonomy":"product_brand","embeddable":true,"href":"https:\/\/equi-tel.com\/boutique\/wp-json\/wp\/v2\/product_brand?post=455"},{"taxonomy":"product_cat","embeddable":true,"href":"https:\/\/equi-tel.com\/boutique\/wp-json\/wp\/v2\/product_cat?post=455"},{"taxonomy":"product_tag","embeddable":true,"href":"https:\/\/equi-tel.com\/boutique\/wp-json\/wp\/v2\/product_tag?post=455"}],"curies":[{"name":"wp","href":"https:\/\/api.w.org\/{rel}","templated":true}]}}