{"id":429,"date":"2024-06-06T13:26:10","date_gmt":"2024-06-06T17:26:10","guid":{"rendered":"https:\/\/equi-tel.com\/boutique\/?post_type=product&#038;p=429"},"modified":"2026-01-22T00:29:59","modified_gmt":"2026-01-22T05:29:59","slug":"gwn7605lr","status":"publish","type":"product","link":"https:\/\/equi-tel.com\/boutique\/product\/gwn7605lr\/","title":{"rendered":"GWN7605LR"},"content":{"rendered":"<p>Point d&#8217;acc\u00e8s ext\u00e9rieur longue port\u00e9e sans fil 802.11 a \/ b \/ g \/ n \/ ac Wave-2, 2 x Gigabit Ethernet, PoE \/ PoE + requis<\/p>\n","protected":false},"excerpt":{"rendered":"<p>GWN7605LR Point d&#8217;acc\u00e8s longue port\u00e9e sans fil Wave-2 802.11 a\/b\/g\/n\/ac, 2 x Gigabit Ethernet, PoE \/ PoE+ req. Garantie standard de 3 ans du fabricant.<\/p>\n","protected":false},"featured_media":432,"template":"","meta":{"om_disable_all_campaigns":false,"_monsterinsights_skip_tracking":false,"_monsterinsights_sitenote_active":false,"_monsterinsights_sitenote_note":"","_monsterinsights_sitenote_category":0},"product_brand":[],"product_cat":[46],"product_tag":[],"class_list":{"0":"post-429","1":"product","2":"type-product","3":"status-publish","4":"has-post-thumbnail","6":"product_cat-grandstream","8":"first","9":"instock","10":"taxable","11":"shipping-taxable","12":"product-type-simple"},"aioseo_notices":[],"_links":{"self":[{"href":"https:\/\/equi-tel.com\/boutique\/wp-json\/wp\/v2\/product\/429","targetHints":{"allow":["GET"]}}],"collection":[{"href":"https:\/\/equi-tel.com\/boutique\/wp-json\/wp\/v2\/product"}],"about":[{"href":"https:\/\/equi-tel.com\/boutique\/wp-json\/wp\/v2\/types\/product"}],"wp:featuredmedia":[{"embeddable":true,"href":"https:\/\/equi-tel.com\/boutique\/wp-json\/wp\/v2\/media\/432"}],"wp:attachment":[{"href":"https:\/\/equi-tel.com\/boutique\/wp-json\/wp\/v2\/media?parent=429"}],"wp:term":[{"taxonomy":"product_brand","embeddable":true,"href":"https:\/\/equi-tel.com\/boutique\/wp-json\/wp\/v2\/product_brand?post=429"},{"taxonomy":"product_cat","embeddable":true,"href":"https:\/\/equi-tel.com\/boutique\/wp-json\/wp\/v2\/product_cat?post=429"},{"taxonomy":"product_tag","embeddable":true,"href":"https:\/\/equi-tel.com\/boutique\/wp-json\/wp\/v2\/product_tag?post=429"}],"curies":[{"name":"wp","href":"https:\/\/api.w.org\/{rel}","templated":true}]}}