{"id":405,"date":"2024-04-18T12:01:17","date_gmt":"2024-04-18T16:01:17","guid":{"rendered":"https:\/\/equi-tel.com\/boutique\/?post_type=product&#038;p=405"},"modified":"2026-01-16T14:32:39","modified_gmt":"2026-01-16T19:32:39","slug":"gwn7806p","status":"publish","type":"product","link":"https:\/\/equi-tel.com\/boutique\/product\/gwn7806p\/","title":{"rendered":"GWN7806P"},"content":{"rendered":"<p>Le GWN7806(P) est un commutateur r\u00e9seau g\u00e9r\u00e9 de couche 2+ hautes performances dot\u00e9 de 48 ports qui permet aux petites et moyennes entreprises de cr\u00e9er des r\u00e9seaux d&#8217;entreprise \u00e9volutifs, s\u00e9curis\u00e9s et intelligents enti\u00e8rement g\u00e9rables.<\/p>\n<p>48 ports Gigabit Ethernet et 6 ports Gigabit SFP+<br \/>\nContr\u00f4le intelligent de l&#8217;alimentation pour prendre en charge l&#8217;allocation dynamique de puissance PoE\/PoE+ par port pour les mod\u00e8les PoE<br \/>\nPrend en charge le d\u00e9ploiement dans les r\u00e9seaux IPv6 et IPv4<br \/>\nFonctionnalit\u00e9s de fiabilit\u00e9, notamment d\u00e9tection des pannes, protection des appareils, double d\u00e9marrage, double redondance des fichiers syst\u00e8me, agr\u00e9gation de liens, contr\u00f4le des temp\u00eates, etc.<br \/>\nInspection ARP, IP Source Guard, protection DoS, s\u00e9curit\u00e9 des ports et surveillance DHCP<br \/>\nContr\u00f4leur int\u00e9gr\u00e9 pour g\u00e9rer le commutateur\u00a0; GWN.Cloud et GWN Manager, la plateforme de gestion cloud et Wi-Fi sur site de Grandstream<br \/>\nLa QoS int\u00e9gr\u00e9e permet de prioriser le trafic r\u00e9seau<br \/>\nPrend en charge l&#8217;empilage pour une gestion facile jusqu&#8217;\u00e0 16 commutateurs dans une seule interface tout en cr\u00e9ant une sauvegarde redondante entre plusieurs appareils<\/p>\n","protected":false},"excerpt":{"rendered":"<p>Le GWN7806(P) est un commutateur r\u00e9seau g\u00e9r\u00e9 de couche 2+ hautes performances dot\u00e9 de 48 ports qui permet aux petites et moyennes entreprises de cr\u00e9er des r\u00e9seaux d&#8217;entreprise \u00e9volutifs, s\u00e9curis\u00e9s et intelligents enti\u00e8rement g\u00e9rables.<\/p>\n","protected":false},"featured_media":406,"template":"","meta":{"om_disable_all_campaigns":false,"_monsterinsights_skip_tracking":false,"_monsterinsights_sitenote_active":false,"_monsterinsights_sitenote_note":"","_monsterinsights_sitenote_category":0},"product_brand":[],"product_cat":[46],"product_tag":[],"class_list":{"0":"post-405","1":"product","2":"type-product","3":"status-publish","4":"has-post-thumbnail","6":"product_cat-grandstream","8":"first","9":"instock","10":"taxable","11":"shipping-taxable","12":"product-type-simple"},"aioseo_notices":[],"_links":{"self":[{"href":"https:\/\/equi-tel.com\/boutique\/wp-json\/wp\/v2\/product\/405","targetHints":{"allow":["GET"]}}],"collection":[{"href":"https:\/\/equi-tel.com\/boutique\/wp-json\/wp\/v2\/product"}],"about":[{"href":"https:\/\/equi-tel.com\/boutique\/wp-json\/wp\/v2\/types\/product"}],"wp:featuredmedia":[{"embeddable":true,"href":"https:\/\/equi-tel.com\/boutique\/wp-json\/wp\/v2\/media\/406"}],"wp:attachment":[{"href":"https:\/\/equi-tel.com\/boutique\/wp-json\/wp\/v2\/media?parent=405"}],"wp:term":[{"taxonomy":"product_brand","embeddable":true,"href":"https:\/\/equi-tel.com\/boutique\/wp-json\/wp\/v2\/product_brand?post=405"},{"taxonomy":"product_cat","embeddable":true,"href":"https:\/\/equi-tel.com\/boutique\/wp-json\/wp\/v2\/product_cat?post=405"},{"taxonomy":"product_tag","embeddable":true,"href":"https:\/\/equi-tel.com\/boutique\/wp-json\/wp\/v2\/product_tag?post=405"}],"curies":[{"name":"wp","href":"https:\/\/api.w.org\/{rel}","templated":true}]}}