{"id":403,"date":"2024-04-18T11:59:46","date_gmt":"2024-04-18T15:59:46","guid":{"rendered":"https:\/\/equi-tel.com\/boutique\/?post_type=product&#038;p=403"},"modified":"2026-01-16T14:10:14","modified_gmt":"2026-01-16T19:10:14","slug":"gwn7803p","status":"publish","type":"product","link":"https:\/\/equi-tel.com\/boutique\/product\/gwn7803p\/","title":{"rendered":"GWN7803P"},"content":{"rendered":"<p>Le GWN7803P est un mod\u00e8le PoE\/PoE+ Power-over-Ethernet \u00e0 24 ports avec des capacit\u00e9s de commutateur r\u00e9seau g\u00e9r\u00e9 de couche 2+ qui permettent aux petites et moyennes entreprises de cr\u00e9er des appareils aliment\u00e9s par PoE sur le r\u00e9seau. Il fournit des r\u00e9seaux d&#8217;entreprise s\u00e9curis\u00e9s, hautes performances et intelligents, enti\u00e8rement g\u00e9rables. Ce mod\u00e8le PoE\/PoE+ est un mod\u00e8le d&#8217;entreprise ou de classe affaires pour cr\u00e9er ou \u00e9tendre une solution de communication et de r\u00e9seau o\u00f9 le c\u00e2blage r\u00e9seau aliment\u00e9 doit int\u00e9grer des points finaux, y compris des t\u00e9l\u00e9phones IP, des points d&#8217;acc\u00e8s Wi-Fi, des cam\u00e9ras de s\u00e9curit\u00e9, des interphones et bien plus encore. un r\u00e9seau centralis\u00e9 ou sur un ou plusieurs sites, b\u00e2timents et structures.<\/p>\n<p>24 ports Gigabit Ethernet PoE\/PoE+ et 2 ports Gigabit SFP<br \/>\nNormes PoE\/PoE+\u00a0: IEEE 802.3af\/at<br \/>\nServeur DHCP, relais DHCP, Option 82, 60,160 et 43<br \/>\nPrend en charge le d\u00e9ploiement dans les r\u00e9seaux IPv6 et IPv4<br \/>\nFournit une liaison quaternaire entre IP, MAC, VLAN et port\u00a0; Inspection ARP, IP Source Guard, protection DoS, s\u00e9curit\u00e9 des ports et surveillance DHCP<br \/>\nInterface utilisateur Web locale pour g\u00e9rer le commutateur\u00a0; GWN.Cloud et GWN Manager, la plateforme de gestion cloud et Wi-Fi sur site de Grandstream<br \/>\nLa QoS int\u00e9gr\u00e9e permet de prioriser le trafic r\u00e9seau<\/p>\n","protected":false},"excerpt":{"rendered":"<p>Des commutateurs r\u00e9seau g\u00e9r\u00e9s de couche 2+ qui permettent aux petites et moyennes entreprises de cr\u00e9er des r\u00e9seaux d&#8217;entreprise \u00e9volutifs, s\u00e9curis\u00e9s, hautes performances et intelligents, enti\u00e8rement g\u00e9rables.<\/p>\n","protected":false},"featured_media":404,"template":"","meta":{"om_disable_all_campaigns":false,"_monsterinsights_skip_tracking":false,"_monsterinsights_sitenote_active":false,"_monsterinsights_sitenote_note":"","_monsterinsights_sitenote_category":0},"product_brand":[],"product_cat":[46],"product_tag":[],"class_list":{"0":"post-403","1":"product","2":"type-product","3":"status-publish","4":"has-post-thumbnail","6":"product_cat-grandstream","8":"first","9":"instock","10":"taxable","11":"shipping-taxable","12":"product-type-simple"},"aioseo_notices":[],"_links":{"self":[{"href":"https:\/\/equi-tel.com\/boutique\/wp-json\/wp\/v2\/product\/403","targetHints":{"allow":["GET"]}}],"collection":[{"href":"https:\/\/equi-tel.com\/boutique\/wp-json\/wp\/v2\/product"}],"about":[{"href":"https:\/\/equi-tel.com\/boutique\/wp-json\/wp\/v2\/types\/product"}],"wp:featuredmedia":[{"embeddable":true,"href":"https:\/\/equi-tel.com\/boutique\/wp-json\/wp\/v2\/media\/404"}],"wp:attachment":[{"href":"https:\/\/equi-tel.com\/boutique\/wp-json\/wp\/v2\/media?parent=403"}],"wp:term":[{"taxonomy":"product_brand","embeddable":true,"href":"https:\/\/equi-tel.com\/boutique\/wp-json\/wp\/v2\/product_brand?post=403"},{"taxonomy":"product_cat","embeddable":true,"href":"https:\/\/equi-tel.com\/boutique\/wp-json\/wp\/v2\/product_cat?post=403"},{"taxonomy":"product_tag","embeddable":true,"href":"https:\/\/equi-tel.com\/boutique\/wp-json\/wp\/v2\/product_tag?post=403"}],"curies":[{"name":"wp","href":"https:\/\/api.w.org\/{rel}","templated":true}]}}