{"id":398,"date":"2024-04-18T11:32:25","date_gmt":"2024-04-18T15:32:25","guid":{"rendered":"https:\/\/equi-tel.com\/boutique\/?post_type=product&#038;p=398"},"modified":"2026-01-16T13:33:08","modified_gmt":"2026-01-16T18:33:08","slug":"gwn7801p","status":"publish","type":"product","link":"https:\/\/equi-tel.com\/boutique\/product\/gwn7801p\/","title":{"rendered":"GWN7801P"},"content":{"rendered":"<p>Le GWN7801P est un mod\u00e8le PoE\/PoE+ Power-over-Ethernet \u00e0 8 ports avec des capacit\u00e9s de commutateur r\u00e9seau g\u00e9r\u00e9 de couche 2+ qui permettent aux petites et moyennes entreprises de cr\u00e9er des appareils aliment\u00e9s par PoE sur le r\u00e9seau. Il fournit des r\u00e9seaux d&#8217;entreprise s\u00e9curis\u00e9s, hautes performances et intelligents, enti\u00e8rement g\u00e9rables.<\/p>\n<p>8 ports Gigabit Ethernet PoE\/PoE+ et 2 ports Gigabit SFP<br \/>\nNormes PoE\/PoE+\u00a0: IEEE 802.3af\/at<br \/>\nServeur DHCP, relais DHCP, Option 82, 60,160 et 43<br \/>\nPrend en charge le d\u00e9ploiement dans les r\u00e9seaux IPv6 et IPv4<br \/>\nFournit une liaison quaternaire entre IP, MAC, VLAN et port\u00a0; Inspection ARP, IP Source Guard, protection DoS, s\u00e9curit\u00e9 des ports et surveillance DHCP<br \/>\nInterface utilisateur Web locale pour g\u00e9rer le commutateur\u00a0; GWN.Cloud et GWN Manager, la plateforme de gestion cloud et Wi-Fi sur site de Grandstream<br \/>\nLa QoS int\u00e9gr\u00e9e permet de prioriser le trafic r\u00e9seau<\/p>\n","protected":false},"excerpt":{"rendered":"<p>Des commutateurs r\u00e9seau g\u00e9r\u00e9s de couche 2+ qui permettent aux petites et moyennes entreprises de cr\u00e9er des r\u00e9seaux d&#8217;entreprise \u00e9volutifs, s\u00e9curis\u00e9s, hautes performances et intelligents, enti\u00e8rement g\u00e9rables.<\/p>\n","protected":false},"featured_media":399,"template":"","meta":{"om_disable_all_campaigns":false,"_monsterinsights_skip_tracking":false,"_monsterinsights_sitenote_active":false,"_monsterinsights_sitenote_note":"","_monsterinsights_sitenote_category":0},"product_brand":[],"product_cat":[46],"product_tag":[],"class_list":{"0":"post-398","1":"product","2":"type-product","3":"status-publish","4":"has-post-thumbnail","6":"product_cat-grandstream","8":"first","9":"instock","10":"taxable","11":"shipping-taxable","12":"product-type-simple"},"aioseo_notices":[],"_links":{"self":[{"href":"https:\/\/equi-tel.com\/boutique\/wp-json\/wp\/v2\/product\/398","targetHints":{"allow":["GET"]}}],"collection":[{"href":"https:\/\/equi-tel.com\/boutique\/wp-json\/wp\/v2\/product"}],"about":[{"href":"https:\/\/equi-tel.com\/boutique\/wp-json\/wp\/v2\/types\/product"}],"wp:featuredmedia":[{"embeddable":true,"href":"https:\/\/equi-tel.com\/boutique\/wp-json\/wp\/v2\/media\/399"}],"wp:attachment":[{"href":"https:\/\/equi-tel.com\/boutique\/wp-json\/wp\/v2\/media?parent=398"}],"wp:term":[{"taxonomy":"product_brand","embeddable":true,"href":"https:\/\/equi-tel.com\/boutique\/wp-json\/wp\/v2\/product_brand?post=398"},{"taxonomy":"product_cat","embeddable":true,"href":"https:\/\/equi-tel.com\/boutique\/wp-json\/wp\/v2\/product_cat?post=398"},{"taxonomy":"product_tag","embeddable":true,"href":"https:\/\/equi-tel.com\/boutique\/wp-json\/wp\/v2\/product_tag?post=398"}],"curies":[{"name":"wp","href":"https:\/\/api.w.org\/{rel}","templated":true}]}}