{"id":391,"date":"2024-04-18T11:22:18","date_gmt":"2024-04-18T15:22:18","guid":{"rendered":"https:\/\/equi-tel.com\/boutique\/?post_type=product&#038;p=391"},"modified":"2025-08-13T13:34:47","modified_gmt":"2025-08-13T17:34:47","slug":"gwn7062","status":"publish","type":"product","link":"https:\/\/equi-tel.com\/boutique\/product\/gwn7062\/","title":{"rendered":"GWN7062"},"content":{"rendered":"<p>Routeur dual band 2&#215;2:2 MU-MIMO with DL\/UL OFDMA technology Wi-Fi 6 (802.11ax) \/ Quad-core processor 64 bits \u00e0 1,2 GHz \/ Prend en charge jusqu&#8217;\u00e0 256 appareils clients Wi-Fi simultan\u00e9s \/ Prend en charge le r\u00e9seau maill\u00e9 avec les points d&#8217;acc\u00e8s Grandstream pour permettre une extension facile du r\u00e9seau \/ Les fonctionnalit\u00e9s de s\u00e9curit\u00e9 puissantes incluent le r\u00e9seau invit\u00e9, la liste noire du r\u00e9seau, le d\u00e9marrage s\u00e9curis\u00e9 antipiratage et le verrouillage des donn\u00e9es\/contr\u00f4les critiques via des signatures num\u00e9riques, et bien plus encore \/<br \/>\nFonctionnalit\u00e9s de pare-feu riches, notamment Anti-DoS, r\u00e8gles de trafic, NAT et ALG \/ Approvisionnement cloud s\u00e9curis\u00e9 via GWN.Cloud<\/p>\n","protected":false},"excerpt":{"rendered":"<p>Routeur dual band 2&#215;2:2 MU-MIMO with DL\/UL OFDMA technology Wi-Fi 6 (802.11ax) \/ Quad-core processor 64 bits \u00e0 1,2 GHz \/<\/p>\n","protected":false},"featured_media":392,"template":"","meta":{"om_disable_all_campaigns":false,"_monsterinsights_skip_tracking":false,"_monsterinsights_sitenote_active":false,"_monsterinsights_sitenote_note":"","_monsterinsights_sitenote_category":0},"product_brand":[],"product_cat":[46],"product_tag":[],"class_list":{"0":"post-391","1":"product","2":"type-product","3":"status-publish","4":"has-post-thumbnail","6":"product_cat-grandstream","8":"first","9":"instock","10":"taxable","11":"shipping-taxable","12":"product-type-simple"},"aioseo_notices":[],"_links":{"self":[{"href":"https:\/\/equi-tel.com\/boutique\/wp-json\/wp\/v2\/product\/391","targetHints":{"allow":["GET"]}}],"collection":[{"href":"https:\/\/equi-tel.com\/boutique\/wp-json\/wp\/v2\/product"}],"about":[{"href":"https:\/\/equi-tel.com\/boutique\/wp-json\/wp\/v2\/types\/product"}],"wp:featuredmedia":[{"embeddable":true,"href":"https:\/\/equi-tel.com\/boutique\/wp-json\/wp\/v2\/media\/392"}],"wp:attachment":[{"href":"https:\/\/equi-tel.com\/boutique\/wp-json\/wp\/v2\/media?parent=391"}],"wp:term":[{"taxonomy":"product_brand","embeddable":true,"href":"https:\/\/equi-tel.com\/boutique\/wp-json\/wp\/v2\/product_brand?post=391"},{"taxonomy":"product_cat","embeddable":true,"href":"https:\/\/equi-tel.com\/boutique\/wp-json\/wp\/v2\/product_cat?post=391"},{"taxonomy":"product_tag","embeddable":true,"href":"https:\/\/equi-tel.com\/boutique\/wp-json\/wp\/v2\/product_tag?post=391"}],"curies":[{"name":"wp","href":"https:\/\/api.w.org\/{rel}","templated":true}]}}