{"id":390,"date":"2024-04-18T11:21:08","date_gmt":"2024-04-18T15:21:08","guid":{"rendered":"https:\/\/equi-tel.com\/boutique\/?post_type=product&#038;p=390"},"modified":"2025-08-13T13:33:46","modified_gmt":"2025-08-13T17:33:46","slug":"gwn7052f","status":"publish","type":"product","link":"https:\/\/equi-tel.com\/boutique\/product\/gwn7052f\/","title":{"rendered":"GWN7052F"},"content":{"rendered":"<p>Routeur dual band s\u00e9curis\u00e9 dot\u00e9 de la technologie Wi-Fi 802.11ac \/ Double bande 2&#215;2:2 MU-MIMO \/ Version (F) : 1 port WAN Gigabit SFP, 4 ports Ethernet Gigabit (configurable WAN\/LAN)<\/p>\n","protected":false},"excerpt":{"rendered":"<p>Routeur dual band s\u00e9curis\u00e9 dot\u00e9 de la technologie Wi-Fi 802.11ac \/ Double bande 2&#215;2:2 MU-MIMO \/ Version (F) : 1 port WAN Gigabit SFP, 4 ports Ethernet Gigabit (configurable WAN\/LAN)<\/p>\n","protected":false},"featured_media":86,"template":"","meta":{"om_disable_all_campaigns":false,"_monsterinsights_skip_tracking":false,"_monsterinsights_sitenote_active":false,"_monsterinsights_sitenote_note":"","_monsterinsights_sitenote_category":0},"product_brand":[],"product_cat":[46],"product_tag":[],"class_list":{"0":"post-390","1":"product","2":"type-product","3":"status-publish","4":"has-post-thumbnail","6":"product_cat-grandstream","8":"first","9":"instock","10":"taxable","11":"shipping-taxable","12":"product-type-simple"},"aioseo_notices":[],"_links":{"self":[{"href":"https:\/\/equi-tel.com\/boutique\/wp-json\/wp\/v2\/product\/390","targetHints":{"allow":["GET"]}}],"collection":[{"href":"https:\/\/equi-tel.com\/boutique\/wp-json\/wp\/v2\/product"}],"about":[{"href":"https:\/\/equi-tel.com\/boutique\/wp-json\/wp\/v2\/types\/product"}],"wp:featuredmedia":[{"embeddable":true,"href":"https:\/\/equi-tel.com\/boutique\/wp-json\/wp\/v2\/media\/86"}],"wp:attachment":[{"href":"https:\/\/equi-tel.com\/boutique\/wp-json\/wp\/v2\/media?parent=390"}],"wp:term":[{"taxonomy":"product_brand","embeddable":true,"href":"https:\/\/equi-tel.com\/boutique\/wp-json\/wp\/v2\/product_brand?post=390"},{"taxonomy":"product_cat","embeddable":true,"href":"https:\/\/equi-tel.com\/boutique\/wp-json\/wp\/v2\/product_cat?post=390"},{"taxonomy":"product_tag","embeddable":true,"href":"https:\/\/equi-tel.com\/boutique\/wp-json\/wp\/v2\/product_tag?post=390"}],"curies":[{"name":"wp","href":"https:\/\/api.w.org\/{rel}","templated":true}]}}