{"id":1972,"date":"2026-01-14T15:53:51","date_gmt":"2026-01-14T20:53:51","guid":{"rendered":"https:\/\/equi-tel.com\/boutique\/?post_type=product&#038;p=1972"},"modified":"2026-01-14T15:53:51","modified_gmt":"2026-01-14T20:53:51","slug":"cordons-telephoniques-gxp-grp","status":"publish","type":"product","link":"https:\/\/equi-tel.com\/boutique\/product\/cordons-telephoniques-gxp-grp\/","title":{"rendered":"Cordons t\u00e9l\u00e9phoniques GXP\/GRP"},"content":{"rendered":"<p>Cordons t\u00e9l\u00e9phoniques Grandstream (spiral\u00e9s) pour relier le combin\u00e9 GRP\/GXP \u00e0 la base<\/p>\n","protected":false},"excerpt":{"rendered":"<p>Cordons t\u00e9l\u00e9phoniques Grandstream (spiral\u00e9s) pour relier le combin\u00e9 GRP\/GXP \u00e0 la base<\/p>\n","protected":false},"featured_media":1973,"template":"","meta":{"om_disable_all_campaigns":false,"_monsterinsights_skip_tracking":false,"_monsterinsights_sitenote_active":false,"_monsterinsights_sitenote_note":"","_monsterinsights_sitenote_category":0},"product_brand":[],"product_cat":[46],"product_tag":[],"class_list":{"0":"post-1972","1":"product","2":"type-product","3":"status-publish","4":"has-post-thumbnail","6":"product_cat-grandstream","8":"first","9":"instock","10":"taxable","11":"shipping-taxable","12":"product-type-simple"},"aioseo_notices":[],"_links":{"self":[{"href":"https:\/\/equi-tel.com\/boutique\/wp-json\/wp\/v2\/product\/1972","targetHints":{"allow":["GET"]}}],"collection":[{"href":"https:\/\/equi-tel.com\/boutique\/wp-json\/wp\/v2\/product"}],"about":[{"href":"https:\/\/equi-tel.com\/boutique\/wp-json\/wp\/v2\/types\/product"}],"wp:featuredmedia":[{"embeddable":true,"href":"https:\/\/equi-tel.com\/boutique\/wp-json\/wp\/v2\/media\/1973"}],"wp:attachment":[{"href":"https:\/\/equi-tel.com\/boutique\/wp-json\/wp\/v2\/media?parent=1972"}],"wp:term":[{"taxonomy":"product_brand","embeddable":true,"href":"https:\/\/equi-tel.com\/boutique\/wp-json\/wp\/v2\/product_brand?post=1972"},{"taxonomy":"product_cat","embeddable":true,"href":"https:\/\/equi-tel.com\/boutique\/wp-json\/wp\/v2\/product_cat?post=1972"},{"taxonomy":"product_tag","embeddable":true,"href":"https:\/\/equi-tel.com\/boutique\/wp-json\/wp\/v2\/product_tag?post=1972"}],"curies":[{"name":"wp","href":"https:\/\/api.w.org\/{rel}","templated":true}]}}