{"id":1962,"date":"2026-01-14T15:40:38","date_gmt":"2026-01-14T20:40:38","guid":{"rendered":"https:\/\/equi-tel.com\/boutique\/?post_type=product&#038;p=1962"},"modified":"2026-01-16T13:22:05","modified_gmt":"2026-01-16T18:22:05","slug":"gwn7721p","status":"publish","type":"product","link":"https:\/\/equi-tel.com\/boutique\/product\/gwn7721p\/","title":{"rendered":"GWN7721P"},"content":{"rendered":"<p>Commutateur multigigabit g\u00e9r\u00e9 de couche 2 all\u00e9g\u00e9e, 8 ports 2,5 GigE, 2 ports 10G SFP+ (8 ports PoE\/PoE+)<\/p>\n","protected":false},"excerpt":{"rendered":"<p>Commutateur multigigabit g\u00e9r\u00e9 de couche 2 all\u00e9g\u00e9e, 8 ports 2,5 GigE, 2 ports 10G SFP+ (8 ports PoE\/PoE+)<\/p>\n","protected":false},"featured_media":1963,"template":"","meta":{"om_disable_all_campaigns":false,"_monsterinsights_skip_tracking":false,"_monsterinsights_sitenote_active":false,"_monsterinsights_sitenote_note":"","_monsterinsights_sitenote_category":0},"product_brand":[],"product_cat":[46],"product_tag":[],"class_list":{"0":"post-1962","1":"product","2":"type-product","3":"status-publish","4":"has-post-thumbnail","6":"product_cat-grandstream","8":"first","9":"instock","10":"taxable","11":"shipping-taxable","12":"product-type-simple"},"aioseo_notices":[],"_links":{"self":[{"href":"https:\/\/equi-tel.com\/boutique\/wp-json\/wp\/v2\/product\/1962","targetHints":{"allow":["GET"]}}],"collection":[{"href":"https:\/\/equi-tel.com\/boutique\/wp-json\/wp\/v2\/product"}],"about":[{"href":"https:\/\/equi-tel.com\/boutique\/wp-json\/wp\/v2\/types\/product"}],"wp:featuredmedia":[{"embeddable":true,"href":"https:\/\/equi-tel.com\/boutique\/wp-json\/wp\/v2\/media\/1963"}],"wp:attachment":[{"href":"https:\/\/equi-tel.com\/boutique\/wp-json\/wp\/v2\/media?parent=1962"}],"wp:term":[{"taxonomy":"product_brand","embeddable":true,"href":"https:\/\/equi-tel.com\/boutique\/wp-json\/wp\/v2\/product_brand?post=1962"},{"taxonomy":"product_cat","embeddable":true,"href":"https:\/\/equi-tel.com\/boutique\/wp-json\/wp\/v2\/product_cat?post=1962"},{"taxonomy":"product_tag","embeddable":true,"href":"https:\/\/equi-tel.com\/boutique\/wp-json\/wp\/v2\/product_tag?post=1962"}],"curies":[{"name":"wp","href":"https:\/\/api.w.org\/{rel}","templated":true}]}}