{"id":1944,"date":"2026-01-14T14:46:07","date_gmt":"2026-01-14T19:46:07","guid":{"rendered":"https:\/\/equi-tel.com\/boutique\/?post_type=product&#038;p=1944"},"modified":"2026-02-26T08:40:03","modified_gmt":"2026-02-26T13:40:03","slug":"gds3726","status":"publish","type":"product","link":"https:\/\/equi-tel.com\/boutique\/product\/gds3726\/","title":{"rendered":"GDS3726"},"content":{"rendered":"<p>Syst\u00e8me de portier vid\u00e9o IP am\u00e9lior\u00e9 avec bouton unique<\/p>\n","protected":false},"excerpt":{"rendered":"<p>Syst\u00e8me de portier vid\u00e9o IP am\u00e9lior\u00e9 avec bouton unique<\/p>\n","protected":false},"featured_media":1945,"template":"","meta":{"om_disable_all_campaigns":false,"_monsterinsights_skip_tracking":false,"_monsterinsights_sitenote_active":false,"_monsterinsights_sitenote_note":"","_monsterinsights_sitenote_category":0},"product_brand":[],"product_cat":[46],"product_tag":[],"class_list":{"0":"post-1944","1":"product","2":"type-product","3":"status-publish","4":"has-post-thumbnail","6":"product_cat-grandstream","8":"first","9":"instock","10":"taxable","11":"shipping-taxable","12":"product-type-simple"},"aioseo_notices":[],"_links":{"self":[{"href":"https:\/\/equi-tel.com\/boutique\/wp-json\/wp\/v2\/product\/1944","targetHints":{"allow":["GET"]}}],"collection":[{"href":"https:\/\/equi-tel.com\/boutique\/wp-json\/wp\/v2\/product"}],"about":[{"href":"https:\/\/equi-tel.com\/boutique\/wp-json\/wp\/v2\/types\/product"}],"wp:featuredmedia":[{"embeddable":true,"href":"https:\/\/equi-tel.com\/boutique\/wp-json\/wp\/v2\/media\/1945"}],"wp:attachment":[{"href":"https:\/\/equi-tel.com\/boutique\/wp-json\/wp\/v2\/media?parent=1944"}],"wp:term":[{"taxonomy":"product_brand","embeddable":true,"href":"https:\/\/equi-tel.com\/boutique\/wp-json\/wp\/v2\/product_brand?post=1944"},{"taxonomy":"product_cat","embeddable":true,"href":"https:\/\/equi-tel.com\/boutique\/wp-json\/wp\/v2\/product_cat?post=1944"},{"taxonomy":"product_tag","embeddable":true,"href":"https:\/\/equi-tel.com\/boutique\/wp-json\/wp\/v2\/product_tag?post=1944"}],"curies":[{"name":"wp","href":"https:\/\/api.w.org\/{rel}","templated":true}]}}