{"id":1542,"date":"2025-06-26T15:39:07","date_gmt":"2025-06-26T19:39:07","guid":{"rendered":"https:\/\/equi-tel.com\/boutique\/?post_type=product&#038;p=1542"},"modified":"2026-01-20T10:26:34","modified_gmt":"2026-01-20T15:26:34","slug":"grp2611g","status":"publish","type":"product","link":"https:\/\/equi-tel.com\/boutique\/product\/grp2611g\/","title":{"rendered":"GRP2611G"},"content":{"rendered":"<p>Le GRP2611G est un puissant t\u00e9l\u00e9phone IP de qualit\u00e9 op\u00e9rateur \u00e0 3 lignes con\u00e7u avec un provisionnement sans contact pour un d\u00e9ploiement de masse et une gestion facile et est pris en charge par le syst\u00e8me de gestion des appareils (GDMS) de Grandstream.<\/p>\n<p>&#8211; Prise en charge de 3 comptes SIP et de 3 touches de ligne multifonctions<br \/>\n&#8211; Doubles ports Ethernet Gigabit 10\/100\/1000 Mbit\/s \u00e0 d\u00e9tection automatique et commutation avec PoE int\u00e9gr\u00e9<br \/>\n&#8211; Face avant interchangeable pour une personnalisation facile du logo<br \/>\n&#8211; Audio HD compatible avec tous les principaux codecs, y compris les codecs large bande G.722 et Opus<br \/>\n&#8211; \u00c9quip\u00e9 de la technologie Noise Shield pour minimiser le bruit de fond<br \/>\n&#8211; Jusqu&#8217;\u00e0 12 touches BLF num\u00e9riques<br \/>\n&#8211; Prise en charge de la conf\u00e9rence audio \u00e0 5 pour des conf\u00e9rences t\u00e9l\u00e9phoniques simplifi\u00e9es<br \/>\n&#8211; Protection de niveau entreprise incluant le d\u00e9marrage s\u00e9curis\u00e9, les images doubles du micrologiciel et le stockage chiffr\u00e9 des donn\u00e9es<br \/>\n&#8211; Prise en charge de GDMS, qui fournit une interface centralis\u00e9e pour la configuration, le provisionnement, la gestion et la surveillance<br \/>\n&#8211; Prise en charge de la conf\u00e9rence audio \u00e0 5 pour des conf\u00e9rences t\u00e9l\u00e9phoniques simplifi\u00e9es<\/p>\n","protected":false},"excerpt":{"rendered":"<p>Le GRP2611G est un puissant t\u00e9l\u00e9phone IP de qualit\u00e9 op\u00e9rateur \u00e0 3 lignes con\u00e7u avec un provisionnement sans contact pour un d\u00e9ploiement de masse et une gestion facile et est pris en charge par le syst\u00e8me de gestion des appareils (GDMS) de Grandstream. &#8211; Prise en charge de 3 comptes SIP et de 3 touches [&#8230;]\n","protected":false},"featured_media":1543,"template":"","meta":{"om_disable_all_campaigns":false,"_monsterinsights_skip_tracking":false,"_monsterinsights_sitenote_active":false,"_monsterinsights_sitenote_note":"","_monsterinsights_sitenote_category":0},"product_brand":[],"product_cat":[46],"product_tag":[],"class_list":{"0":"post-1542","1":"product","2":"type-product","3":"status-publish","4":"has-post-thumbnail","6":"product_cat-grandstream","8":"first","9":"instock","10":"taxable","11":"shipping-taxable","12":"product-type-simple"},"aioseo_notices":[],"_links":{"self":[{"href":"https:\/\/equi-tel.com\/boutique\/wp-json\/wp\/v2\/product\/1542","targetHints":{"allow":["GET"]}}],"collection":[{"href":"https:\/\/equi-tel.com\/boutique\/wp-json\/wp\/v2\/product"}],"about":[{"href":"https:\/\/equi-tel.com\/boutique\/wp-json\/wp\/v2\/types\/product"}],"wp:featuredmedia":[{"embeddable":true,"href":"https:\/\/equi-tel.com\/boutique\/wp-json\/wp\/v2\/media\/1543"}],"wp:attachment":[{"href":"https:\/\/equi-tel.com\/boutique\/wp-json\/wp\/v2\/media?parent=1542"}],"wp:term":[{"taxonomy":"product_brand","embeddable":true,"href":"https:\/\/equi-tel.com\/boutique\/wp-json\/wp\/v2\/product_brand?post=1542"},{"taxonomy":"product_cat","embeddable":true,"href":"https:\/\/equi-tel.com\/boutique\/wp-json\/wp\/v2\/product_cat?post=1542"},{"taxonomy":"product_tag","embeddable":true,"href":"https:\/\/equi-tel.com\/boutique\/wp-json\/wp\/v2\/product_tag?post=1542"}],"curies":[{"name":"wp","href":"https:\/\/api.w.org\/{rel}","templated":true}]}}