{"id":1446,"date":"2025-05-05T10:04:26","date_gmt":"2025-05-05T14:04:26","guid":{"rendered":"https:\/\/equi-tel.com\/boutique\/?post_type=product&#038;p=1446"},"modified":"2025-05-05T10:04:28","modified_gmt":"2025-05-05T14:04:28","slug":"m900od","status":"publish","type":"product","link":"https:\/\/equi-tel.com\/boutique\/product\/m900od\/","title":{"rendered":"M900OD"},"content":{"rendered":"<p>Le Snom M900 est polyvalent, que ce soit dans les bureaux, les entrep\u00f4ts ou les h\u00f4pitaux. Cependant, les environnements industriels requi\u00e8rent souvent des solutions multicellulaires puissantes pour alimenter de mani\u00e8re fiable de vastes zones isol\u00e9es en connectivit\u00e9 DECT. Pour r\u00e9pondre \u00e0 cette exigence, Snom propose \u00e0 ses clients un bo\u00eetier robuste, test\u00e9 \u00e0 plusieurs reprises, sp\u00e9cialement con\u00e7u pour notre station de base DECT de pointe.<\/p>\n<p>Certifi\u00e9 IP55 \u2013 \u00e9tanche \u00e0 la poussi\u00e8re, aux \u00e9claboussures et \u00e0 l&#8217;eau de pluie<\/p>\n<p>Le M900 Outdoor b\u00e9n\u00e9ficie d&#8217;un indice de protection IP55 (Code international de protection), certifiant son \u00e9tanch\u00e9it\u00e9 \u00e0 la poussi\u00e8re, et plus particuli\u00e8rement aux \u00e9claboussures et \u00e0 l&#8217;eau de pluie. Le M900 Outdoor prot\u00e8ge la station de base de mani\u00e8re s\u00fbre et fiable par tous les temps. De plus, le bo\u00eetier offre suffisamment d&#8217;espace pour accueillir des appareils suppl\u00e9mentaires, comme un radiateur (non inclus).<\/p>\n<p>Le M900 Outdoor est la solution id\u00e9ale pour une utilisation en ext\u00e9rieur ou dans des environnements extr\u00eames. La station de base et le bo\u00eetier garantissent un fonctionnement fiable du M900 dans toutes les conditions m\u00e9t\u00e9orologiques gr\u00e2ce \u00e0 sa construction robuste et \u00e0 sa classe de protection IP55.<\/p>\n","protected":false},"excerpt":{"rendered":"<p>Le Snom M900 est polyvalent, que ce soit dans les bureaux, les entrep\u00f4ts ou les h\u00f4pitaux. Cependant, les environnements industriels requi\u00e8rent souvent des solutions multicellulaires puissantes pour alimenter de mani\u00e8re fiable de vastes zones isol\u00e9es en connectivit\u00e9 DECT. Pour r\u00e9pondre \u00e0 cette exigence, Snom propose \u00e0 ses clients un bo\u00eetier robuste, test\u00e9 \u00e0 plusieurs reprises, [&#8230;]\n","protected":false},"featured_media":1447,"template":"","meta":{"om_disable_all_campaigns":false,"_monsterinsights_skip_tracking":false,"_monsterinsights_sitenote_active":false,"_monsterinsights_sitenote_note":"","_monsterinsights_sitenote_category":0},"product_brand":[],"product_cat":[47],"product_tag":[],"class_list":{"0":"post-1446","1":"product","2":"type-product","3":"status-publish","4":"has-post-thumbnail","6":"product_cat-snom","8":"first","9":"instock","10":"taxable","11":"shipping-taxable","12":"product-type-simple"},"aioseo_notices":[],"_links":{"self":[{"href":"https:\/\/equi-tel.com\/boutique\/wp-json\/wp\/v2\/product\/1446","targetHints":{"allow":["GET"]}}],"collection":[{"href":"https:\/\/equi-tel.com\/boutique\/wp-json\/wp\/v2\/product"}],"about":[{"href":"https:\/\/equi-tel.com\/boutique\/wp-json\/wp\/v2\/types\/product"}],"wp:featuredmedia":[{"embeddable":true,"href":"https:\/\/equi-tel.com\/boutique\/wp-json\/wp\/v2\/media\/1447"}],"wp:attachment":[{"href":"https:\/\/equi-tel.com\/boutique\/wp-json\/wp\/v2\/media?parent=1446"}],"wp:term":[{"taxonomy":"product_brand","embeddable":true,"href":"https:\/\/equi-tel.com\/boutique\/wp-json\/wp\/v2\/product_brand?post=1446"},{"taxonomy":"product_cat","embeddable":true,"href":"https:\/\/equi-tel.com\/boutique\/wp-json\/wp\/v2\/product_cat?post=1446"},{"taxonomy":"product_tag","embeddable":true,"href":"https:\/\/equi-tel.com\/boutique\/wp-json\/wp\/v2\/product_tag?post=1446"}],"curies":[{"name":"wp","href":"https:\/\/api.w.org\/{rel}","templated":true}]}}