{"id":1434,"date":"2025-04-29T09:36:50","date_gmt":"2025-04-29T13:36:50","guid":{"rendered":"https:\/\/equi-tel.com\/boutique\/?post_type=product&#038;p=1434"},"modified":"2025-04-29T09:43:46","modified_gmt":"2025-04-29T13:43:46","slug":"snom-pa1","status":"publish","type":"product","link":"https:\/\/equi-tel.com\/boutique\/product\/snom-pa1\/","title":{"rendered":"SNOM PA1+"},"content":{"rendered":"<p>Le Snom PA1+ est le syst\u00e8me d&#8217;annonce et de sonorisation SIP \u00e9prouv\u00e9 de Snom, qui offre de nombreux atouts suppl\u00e9mentaires.<\/p>\n<p>L&#8217;amplificateur haute performance int\u00e9gr\u00e9 de 6,5 watts peut d\u00e9j\u00e0 diffuser des annonces audio HD ou une musique d&#8217;ambiance dans de grandes salles gr\u00e2ce \u00e0 un syst\u00e8me de haut-parleurs de 600 ohms\u00a0; une puissance accrue peut \u00eatre obtenue en connectant un syst\u00e8me de sonorisation.<\/p>\n<p>Le Snom PA1+ est non seulement contr\u00f4lable depuis n&#8217;importe quel t\u00e9l\u00e9phone Snom ou une source centrale, mais gr\u00e2ce aux faisceaux de c\u00e2bles fournis et aux contacts relais librement configurables, pilotables via SIP ou DTMF, il permet d&#8217;activer divers appareils par une simple impulsion de courant, comme une porte de garage ou une serrure \u00e9lectrique. La s\u00e9curit\u00e9 joue un r\u00f4le de plus en plus important, c&#8217;est pourquoi le Snom PA1+ utilise les normes les plus strictes, telles que SHA2.<\/p>\n","protected":false},"excerpt":{"rendered":"<p>Le Snom PA1+ est le syst\u00e8me d&#8217;annonce et de sonorisation SIP \u00e9prouv\u00e9 de Snom, qui offre de nombreux atouts suppl\u00e9mentaires. L&#8217;amplificateur haute performance int\u00e9gr\u00e9 de 6,5 watts peut d\u00e9j\u00e0 diffuser des annonces audio HD ou une musique d&#8217;ambiance dans de grandes salles gr\u00e2ce \u00e0 un syst\u00e8me de haut-parleurs de 600 ohms\u00a0; une puissance accrue peut [&#8230;]\n","protected":false},"featured_media":1435,"template":"","meta":{"om_disable_all_campaigns":false,"_monsterinsights_skip_tracking":false,"_monsterinsights_sitenote_active":false,"_monsterinsights_sitenote_note":"","_monsterinsights_sitenote_category":0},"product_brand":[],"product_cat":[47],"product_tag":[],"class_list":{"0":"post-1434","1":"product","2":"type-product","3":"status-publish","4":"has-post-thumbnail","6":"product_cat-snom","8":"first","9":"instock","10":"taxable","11":"shipping-taxable","12":"product-type-simple"},"aioseo_notices":[],"_links":{"self":[{"href":"https:\/\/equi-tel.com\/boutique\/wp-json\/wp\/v2\/product\/1434","targetHints":{"allow":["GET"]}}],"collection":[{"href":"https:\/\/equi-tel.com\/boutique\/wp-json\/wp\/v2\/product"}],"about":[{"href":"https:\/\/equi-tel.com\/boutique\/wp-json\/wp\/v2\/types\/product"}],"wp:featuredmedia":[{"embeddable":true,"href":"https:\/\/equi-tel.com\/boutique\/wp-json\/wp\/v2\/media\/1435"}],"wp:attachment":[{"href":"https:\/\/equi-tel.com\/boutique\/wp-json\/wp\/v2\/media?parent=1434"}],"wp:term":[{"taxonomy":"product_brand","embeddable":true,"href":"https:\/\/equi-tel.com\/boutique\/wp-json\/wp\/v2\/product_brand?post=1434"},{"taxonomy":"product_cat","embeddable":true,"href":"https:\/\/equi-tel.com\/boutique\/wp-json\/wp\/v2\/product_cat?post=1434"},{"taxonomy":"product_tag","embeddable":true,"href":"https:\/\/equi-tel.com\/boutique\/wp-json\/wp\/v2\/product_tag?post=1434"}],"curies":[{"name":"wp","href":"https:\/\/api.w.org\/{rel}","templated":true}]}}