{"id":1315,"date":"2025-03-03T13:07:26","date_gmt":"2025-03-03T18:07:26","guid":{"rendered":"https:\/\/equi-tel.com\/boutique\/?post_type=product&#038;p=1315"},"modified":"2025-08-13T08:49:35","modified_gmt":"2025-08-13T12:49:35","slug":"gcc6011","status":"publish","type":"product","link":"https:\/\/equi-tel.com\/boutique\/product\/gcc6011\/","title":{"rendered":"GCC6011"},"content":{"rendered":"<p>GCC6011. IPPBX int\u00e9gr\u00e9 (12 utilisateurs, 4 appels simultan\u00e9s)\u00a0+\u00a0pare-feu de qualit\u00e9 professionnelle + routeur VPN + 2 x 2,5\u00a0Go, 10 x commutateur r\u00e9seau GigE<\/p>\n","protected":false},"excerpt":{"rendered":"<p>GCC6011. IPPBX int\u00e9gr\u00e9 (12 utilisateurs, 4 appels simultan\u00e9s)\u00a0+\u00a0pare-feu de qualit\u00e9 professionnelle + routeur VPN + 2 x 2,5\u00a0Go, 10 x commutateur r\u00e9seau GigE<\/p>\n","protected":false},"featured_media":1317,"template":"","meta":{"om_disable_all_campaigns":false,"_monsterinsights_skip_tracking":false,"_monsterinsights_sitenote_active":false,"_monsterinsights_sitenote_note":"","_monsterinsights_sitenote_category":0},"product_brand":[],"product_cat":[46],"product_tag":[],"class_list":{"0":"post-1315","1":"product","2":"type-product","3":"status-publish","4":"has-post-thumbnail","6":"product_cat-grandstream","8":"first","9":"instock","10":"taxable","11":"shipping-taxable","12":"product-type-simple"},"aioseo_notices":[],"_links":{"self":[{"href":"https:\/\/equi-tel.com\/boutique\/wp-json\/wp\/v2\/product\/1315","targetHints":{"allow":["GET"]}}],"collection":[{"href":"https:\/\/equi-tel.com\/boutique\/wp-json\/wp\/v2\/product"}],"about":[{"href":"https:\/\/equi-tel.com\/boutique\/wp-json\/wp\/v2\/types\/product"}],"wp:featuredmedia":[{"embeddable":true,"href":"https:\/\/equi-tel.com\/boutique\/wp-json\/wp\/v2\/media\/1317"}],"wp:attachment":[{"href":"https:\/\/equi-tel.com\/boutique\/wp-json\/wp\/v2\/media?parent=1315"}],"wp:term":[{"taxonomy":"product_brand","embeddable":true,"href":"https:\/\/equi-tel.com\/boutique\/wp-json\/wp\/v2\/product_brand?post=1315"},{"taxonomy":"product_cat","embeddable":true,"href":"https:\/\/equi-tel.com\/boutique\/wp-json\/wp\/v2\/product_cat?post=1315"},{"taxonomy":"product_tag","embeddable":true,"href":"https:\/\/equi-tel.com\/boutique\/wp-json\/wp\/v2\/product_tag?post=1315"}],"curies":[{"name":"wp","href":"https:\/\/api.w.org\/{rel}","templated":true}]}}