{"id":1284,"date":"2025-03-03T11:49:15","date_gmt":"2025-03-03T16:49:15","guid":{"rendered":"https:\/\/equi-tel.com\/boutique\/?post_type=product&#038;p=1284"},"modified":"2026-01-16T10:11:56","modified_gmt":"2026-01-16T15:11:56","slug":"gwn7665","status":"publish","type":"product","link":"https:\/\/equi-tel.com\/boutique\/product\/gwn7665\/","title":{"rendered":"GWN7665"},"content":{"rendered":"<p>Point d&#8217;acc\u00e8s Wi-Fi 6E de qualit\u00e9 professionnelle, ports filaires 3,5 Gigabit agr\u00e9g\u00e9s \u00e0 5,4 Gbit\/s\u00a0; MU-MIMO tri-bande 2&#215;2:2 avec technologie OFDMA DL\/UL.<\/p>\n","protected":false},"excerpt":{"rendered":"<p>Point d&#8217;acc\u00e8s Wi-Fi 6E de qualit\u00e9 professionnelle, ports filaires 3,5 Gigabit agr\u00e9g\u00e9s \u00e0 5,4 Gbit\/s\u00a0; MU-MIMO tri-bande 2&#215;2:2 avec technologie OFDMA DL\/UL.<\/p>\n","protected":false},"featured_media":1287,"template":"","meta":{"om_disable_all_campaigns":false,"_monsterinsights_skip_tracking":false,"_monsterinsights_sitenote_active":false,"_monsterinsights_sitenote_note":"","_monsterinsights_sitenote_category":0},"product_brand":[],"product_cat":[46],"product_tag":[],"class_list":{"0":"post-1284","1":"product","2":"type-product","3":"status-publish","4":"has-post-thumbnail","6":"product_cat-grandstream","8":"first","9":"instock","10":"taxable","11":"shipping-taxable","12":"product-type-simple"},"aioseo_notices":[],"_links":{"self":[{"href":"https:\/\/equi-tel.com\/boutique\/wp-json\/wp\/v2\/product\/1284","targetHints":{"allow":["GET"]}}],"collection":[{"href":"https:\/\/equi-tel.com\/boutique\/wp-json\/wp\/v2\/product"}],"about":[{"href":"https:\/\/equi-tel.com\/boutique\/wp-json\/wp\/v2\/types\/product"}],"wp:featuredmedia":[{"embeddable":true,"href":"https:\/\/equi-tel.com\/boutique\/wp-json\/wp\/v2\/media\/1287"}],"wp:attachment":[{"href":"https:\/\/equi-tel.com\/boutique\/wp-json\/wp\/v2\/media?parent=1284"}],"wp:term":[{"taxonomy":"product_brand","embeddable":true,"href":"https:\/\/equi-tel.com\/boutique\/wp-json\/wp\/v2\/product_brand?post=1284"},{"taxonomy":"product_cat","embeddable":true,"href":"https:\/\/equi-tel.com\/boutique\/wp-json\/wp\/v2\/product_cat?post=1284"},{"taxonomy":"product_tag","embeddable":true,"href":"https:\/\/equi-tel.com\/boutique\/wp-json\/wp\/v2\/product_tag?post=1284"}],"curies":[{"name":"wp","href":"https:\/\/api.w.org\/{rel}","templated":true}]}}