{"id":1272,"date":"2025-03-03T11:44:14","date_gmt":"2025-03-03T16:44:14","guid":{"rendered":"https:\/\/equi-tel.com\/boutique\/?post_type=product&#038;p=1272"},"modified":"2026-01-16T10:08:04","modified_gmt":"2026-01-16T15:08:04","slug":"gwn7664elr","status":"publish","type":"product","link":"https:\/\/equi-tel.com\/boutique\/product\/gwn7664elr\/","title":{"rendered":"GWN7664ELR"},"content":{"rendered":"<p>Le GWN7664ELR est un point d&#8217;acc\u00e8s ext\u00e9rieur Wi-Fi 6 (IP67) avec une vitesse de 6 Gbit\/s, une prise en charge de 512 clients, deux ports 2,5 G, une port\u00e9e de 300 m et une s\u00e9curit\u00e9 int\u00e9gr\u00e9e. Garantie de 3 ans.<\/p>\n","protected":false},"excerpt":{"rendered":"<p>Le GWN7664ELR est un point d&#8217;acc\u00e8s ext\u00e9rieur Wi-Fi 6 (IP67) avec une vitesse de 6 Gbit\/s, une prise en charge de 512 clients, deux ports 2,5 G, une port\u00e9e de 300 m et une s\u00e9curit\u00e9 int\u00e9gr\u00e9e. Garantie de 3 ans.<\/p>\n","protected":false},"featured_media":1273,"template":"","meta":{"om_disable_all_campaigns":false,"_monsterinsights_skip_tracking":false,"_monsterinsights_sitenote_active":false,"_monsterinsights_sitenote_note":"","_monsterinsights_sitenote_category":0},"product_brand":[],"product_cat":[46],"product_tag":[],"class_list":{"0":"post-1272","1":"product","2":"type-product","3":"status-publish","4":"has-post-thumbnail","6":"product_cat-grandstream","8":"first","9":"instock","10":"taxable","11":"shipping-taxable","12":"product-type-simple"},"aioseo_notices":[],"_links":{"self":[{"href":"https:\/\/equi-tel.com\/boutique\/wp-json\/wp\/v2\/product\/1272","targetHints":{"allow":["GET"]}}],"collection":[{"href":"https:\/\/equi-tel.com\/boutique\/wp-json\/wp\/v2\/product"}],"about":[{"href":"https:\/\/equi-tel.com\/boutique\/wp-json\/wp\/v2\/types\/product"}],"wp:featuredmedia":[{"embeddable":true,"href":"https:\/\/equi-tel.com\/boutique\/wp-json\/wp\/v2\/media\/1273"}],"wp:attachment":[{"href":"https:\/\/equi-tel.com\/boutique\/wp-json\/wp\/v2\/media?parent=1272"}],"wp:term":[{"taxonomy":"product_brand","embeddable":true,"href":"https:\/\/equi-tel.com\/boutique\/wp-json\/wp\/v2\/product_brand?post=1272"},{"taxonomy":"product_cat","embeddable":true,"href":"https:\/\/equi-tel.com\/boutique\/wp-json\/wp\/v2\/product_cat?post=1272"},{"taxonomy":"product_tag","embeddable":true,"href":"https:\/\/equi-tel.com\/boutique\/wp-json\/wp\/v2\/product_tag?post=1272"}],"curies":[{"name":"wp","href":"https:\/\/api.w.org\/{rel}","templated":true}]}}