{"id":1241,"date":"2025-03-03T11:26:29","date_gmt":"2025-03-03T16:26:29","guid":{"rendered":"https:\/\/equi-tel.com\/boutique\/?post_type=product&#038;p=1241"},"modified":"2026-01-19T11:39:26","modified_gmt":"2026-01-19T16:39:26","slug":"gph631w","status":"publish","type":"product","link":"https:\/\/equi-tel.com\/boutique\/product\/gph631w\/","title":{"rendered":"GHP631W"},"content":{"rendered":"<p>T\u00e9l\u00e9phone de bureau pour h\u00f4tel, \u00e9cran LCD couleur 3,5&#8243;, PoE, WiFi 6 double bande, noir<\/p>\n","protected":false},"excerpt":{"rendered":"<p>T\u00e9l\u00e9phone de bureau pour h\u00f4tel, \u00e9cran LCD couleur 3,5&#8243;, PoE, WiFi 6 double bande, noir<\/p>\n","protected":false},"featured_media":1239,"template":"","meta":{"om_disable_all_campaigns":false,"_monsterinsights_skip_tracking":false,"_monsterinsights_sitenote_active":false,"_monsterinsights_sitenote_note":"","_monsterinsights_sitenote_category":0},"product_brand":[],"product_cat":[46],"product_tag":[],"class_list":{"0":"post-1241","1":"product","2":"type-product","3":"status-publish","4":"has-post-thumbnail","6":"product_cat-grandstream","8":"first","9":"instock","10":"taxable","11":"shipping-taxable","12":"product-type-simple"},"aioseo_notices":[],"_links":{"self":[{"href":"https:\/\/equi-tel.com\/boutique\/wp-json\/wp\/v2\/product\/1241","targetHints":{"allow":["GET"]}}],"collection":[{"href":"https:\/\/equi-tel.com\/boutique\/wp-json\/wp\/v2\/product"}],"about":[{"href":"https:\/\/equi-tel.com\/boutique\/wp-json\/wp\/v2\/types\/product"}],"wp:featuredmedia":[{"embeddable":true,"href":"https:\/\/equi-tel.com\/boutique\/wp-json\/wp\/v2\/media\/1239"}],"wp:attachment":[{"href":"https:\/\/equi-tel.com\/boutique\/wp-json\/wp\/v2\/media?parent=1241"}],"wp:term":[{"taxonomy":"product_brand","embeddable":true,"href":"https:\/\/equi-tel.com\/boutique\/wp-json\/wp\/v2\/product_brand?post=1241"},{"taxonomy":"product_cat","embeddable":true,"href":"https:\/\/equi-tel.com\/boutique\/wp-json\/wp\/v2\/product_cat?post=1241"},{"taxonomy":"product_tag","embeddable":true,"href":"https:\/\/equi-tel.com\/boutique\/wp-json\/wp\/v2\/product_tag?post=1241"}],"curies":[{"name":"wp","href":"https:\/\/api.w.org\/{rel}","templated":true}]}}