{"id":1212,"date":"2025-03-03T10:59:47","date_gmt":"2025-03-03T15:59:47","guid":{"rendered":"https:\/\/equi-tel.com\/boutique\/?post_type=product&#038;p=1212"},"modified":"2025-03-28T14:15:27","modified_gmt":"2025-03-28T18:15:27","slug":"ir305","status":"publish","type":"product","link":"https:\/\/equi-tel.com\/boutique\/product\/ir305\/","title":{"rendered":"IR305"},"content":{"rendered":"<p>InHand Networks IR305 \/ <span>Routeur industriel 4G LTE, int\u00e9gration IoT RS232 et RS485, M2M, service g\u00e9r\u00e9 dans le cloud<\/span><\/p>\n","protected":false},"excerpt":{"rendered":"<p>InHand Networks IR305 \/ Routeur industriel 4G LTE, int\u00e9gration IoT RS232 et RS485, M2M, service g\u00e9r\u00e9 dans le cloud<\/p>\n","protected":false},"featured_media":1213,"template":"","meta":{"om_disable_all_campaigns":false,"_monsterinsights_skip_tracking":false,"_monsterinsights_sitenote_active":false,"_monsterinsights_sitenote_note":"","_monsterinsights_sitenote_category":0},"product_brand":[],"product_cat":[15],"product_tag":[],"class_list":{"0":"post-1212","1":"product","2":"type-product","3":"status-publish","4":"has-post-thumbnail","6":"product_cat-others","8":"first","9":"instock","10":"taxable","11":"shipping-taxable","12":"product-type-simple"},"aioseo_notices":[],"_links":{"self":[{"href":"https:\/\/equi-tel.com\/boutique\/wp-json\/wp\/v2\/product\/1212","targetHints":{"allow":["GET"]}}],"collection":[{"href":"https:\/\/equi-tel.com\/boutique\/wp-json\/wp\/v2\/product"}],"about":[{"href":"https:\/\/equi-tel.com\/boutique\/wp-json\/wp\/v2\/types\/product"}],"wp:featuredmedia":[{"embeddable":true,"href":"https:\/\/equi-tel.com\/boutique\/wp-json\/wp\/v2\/media\/1213"}],"wp:attachment":[{"href":"https:\/\/equi-tel.com\/boutique\/wp-json\/wp\/v2\/media?parent=1212"}],"wp:term":[{"taxonomy":"product_brand","embeddable":true,"href":"https:\/\/equi-tel.com\/boutique\/wp-json\/wp\/v2\/product_brand?post=1212"},{"taxonomy":"product_cat","embeddable":true,"href":"https:\/\/equi-tel.com\/boutique\/wp-json\/wp\/v2\/product_cat?post=1212"},{"taxonomy":"product_tag","embeddable":true,"href":"https:\/\/equi-tel.com\/boutique\/wp-json\/wp\/v2\/product_tag?post=1212"}],"curies":[{"name":"wp","href":"https:\/\/api.w.org\/{rel}","templated":true}]}}