{"id":1201,"date":"2025-03-03T10:48:42","date_gmt":"2025-03-03T15:48:42","guid":{"rendered":"https:\/\/equi-tel.com\/boutique\/?post_type=product&#038;p=1201"},"modified":"2025-03-28T14:17:03","modified_gmt":"2025-03-28T18:17:03","slug":"m900","status":"publish","type":"product","link":"https:\/\/equi-tel.com\/boutique\/product\/m900\/","title":{"rendered":"M900"},"content":{"rendered":"<p>Snom M900 DECT Base \/ <span style=\"color: #333333; font-size: 14.4px;\">Multicellulaire avec jusqu&#8217;\u00e0 1 000 bases dans un cluster \/ <\/span><span style=\"color: #333333; font-size: 14.4px;\">Jusqu&#8217;\u00e0 4 000 combin\u00e9s dans un cluster \/ <\/span><span style=\"color: #333333; font-size: 14.4px;\">Mises \u00e0 jour logicielles sans fil pour les t\u00e9l\u00e9phones portables \/ <\/span><span style=\"color: #333333; font-size: 14.4px;\">Cryptage TLS<\/span><\/p>\n","protected":false},"excerpt":{"rendered":"<p>Snom M900 DECT Base \/ Multicellulaire avec jusqu&#8217;\u00e0 1 000 bases dans un cluster \/ Jusqu&#8217;\u00e0 4 000 combin\u00e9s dans un cluster \/ Mises \u00e0 jour logicielles sans fil pour les t\u00e9l\u00e9phones portables \/ Cryptage TLS<\/p>\n","protected":false},"featured_media":1204,"template":"","meta":{"om_disable_all_campaigns":false,"_monsterinsights_skip_tracking":false,"_monsterinsights_sitenote_active":false,"_monsterinsights_sitenote_note":"","_monsterinsights_sitenote_category":0},"product_brand":[],"product_cat":[47],"product_tag":[],"class_list":{"0":"post-1201","1":"product","2":"type-product","3":"status-publish","4":"has-post-thumbnail","6":"product_cat-snom","8":"first","9":"instock","10":"taxable","11":"shipping-taxable","12":"product-type-simple"},"aioseo_notices":[],"_links":{"self":[{"href":"https:\/\/equi-tel.com\/boutique\/wp-json\/wp\/v2\/product\/1201","targetHints":{"allow":["GET"]}}],"collection":[{"href":"https:\/\/equi-tel.com\/boutique\/wp-json\/wp\/v2\/product"}],"about":[{"href":"https:\/\/equi-tel.com\/boutique\/wp-json\/wp\/v2\/types\/product"}],"wp:featuredmedia":[{"embeddable":true,"href":"https:\/\/equi-tel.com\/boutique\/wp-json\/wp\/v2\/media\/1204"}],"wp:attachment":[{"href":"https:\/\/equi-tel.com\/boutique\/wp-json\/wp\/v2\/media?parent=1201"}],"wp:term":[{"taxonomy":"product_brand","embeddable":true,"href":"https:\/\/equi-tel.com\/boutique\/wp-json\/wp\/v2\/product_brand?post=1201"},{"taxonomy":"product_cat","embeddable":true,"href":"https:\/\/equi-tel.com\/boutique\/wp-json\/wp\/v2\/product_cat?post=1201"},{"taxonomy":"product_tag","embeddable":true,"href":"https:\/\/equi-tel.com\/boutique\/wp-json\/wp\/v2\/product_tag?post=1201"}],"curies":[{"name":"wp","href":"https:\/\/api.w.org\/{rel}","templated":true}]}}