{"id":1197,"date":"2025-03-03T10:47:41","date_gmt":"2025-03-03T15:47:41","guid":{"rendered":"https:\/\/equi-tel.com\/boutique\/?post_type=product&#038;p=1197"},"modified":"2025-03-28T14:17:09","modified_gmt":"2025-03-28T18:17:09","slug":"m90","status":"publish","type":"product","link":"https:\/\/equi-tel.com\/boutique\/product\/m90\/","title":{"rendered":"M90"},"content":{"rendered":"<p>Snom M90 DECT Handset \/ <span style=\"color: #333333; font-size: 14.4px;\">Bo\u00eetier antibact\u00e9rien (JIS-Z2801) \/ <\/span><span>\u00c9cran couleur TFT haute r\u00e9solution \/\u00a0<\/span><span style=\"color: #333333; font-size: 14.4px;\">Bouton d&#8217;alarme \/ <\/span><span style=\"color: #333333; font-size: 14.4px;\">Combin\u00e9 prot\u00e9g\u00e9 IP65 \/ <\/span><span style=\"color: #333333; font-size: 14.4px;\">Alarme vibrante<\/span><\/p>\n","protected":false},"excerpt":{"rendered":"<p>Snom M90 DECT Handset \/ Bo\u00eetier antibact\u00e9rien (JIS-Z2801) \/ \u00c9cran couleur TFT haute r\u00e9solution \/\u00a0Bouton d&#8217;alarme \/ Combin\u00e9 prot\u00e9g\u00e9 IP65 \/ Alarme vibrante<\/p>\n","protected":false},"featured_media":1199,"template":"","meta":{"om_disable_all_campaigns":false,"_monsterinsights_skip_tracking":false,"_monsterinsights_sitenote_active":false,"_monsterinsights_sitenote_note":"","_monsterinsights_sitenote_category":0},"product_brand":[],"product_cat":[47],"product_tag":[],"class_list":{"0":"post-1197","1":"product","2":"type-product","3":"status-publish","4":"has-post-thumbnail","6":"product_cat-snom","8":"first","9":"instock","10":"taxable","11":"shipping-taxable","12":"product-type-simple"},"aioseo_notices":[],"_links":{"self":[{"href":"https:\/\/equi-tel.com\/boutique\/wp-json\/wp\/v2\/product\/1197","targetHints":{"allow":["GET"]}}],"collection":[{"href":"https:\/\/equi-tel.com\/boutique\/wp-json\/wp\/v2\/product"}],"about":[{"href":"https:\/\/equi-tel.com\/boutique\/wp-json\/wp\/v2\/types\/product"}],"wp:featuredmedia":[{"embeddable":true,"href":"https:\/\/equi-tel.com\/boutique\/wp-json\/wp\/v2\/media\/1199"}],"wp:attachment":[{"href":"https:\/\/equi-tel.com\/boutique\/wp-json\/wp\/v2\/media?parent=1197"}],"wp:term":[{"taxonomy":"product_brand","embeddable":true,"href":"https:\/\/equi-tel.com\/boutique\/wp-json\/wp\/v2\/product_brand?post=1197"},{"taxonomy":"product_cat","embeddable":true,"href":"https:\/\/equi-tel.com\/boutique\/wp-json\/wp\/v2\/product_cat?post=1197"},{"taxonomy":"product_tag","embeddable":true,"href":"https:\/\/equi-tel.com\/boutique\/wp-json\/wp\/v2\/product_tag?post=1197"}],"curies":[{"name":"wp","href":"https:\/\/api.w.org\/{rel}","templated":true}]}}