{"id":1191,"date":"2025-03-03T10:43:45","date_gmt":"2025-03-03T15:43:45","guid":{"rendered":"https:\/\/equi-tel.com\/boutique\/?post_type=product&#038;p=1191"},"modified":"2025-03-28T14:17:17","modified_gmt":"2025-03-28T18:17:17","slug":"m85","status":"publish","type":"product","link":"https:\/\/equi-tel.com\/boutique\/product\/m85\/","title":{"rendered":"M85"},"content":{"rendered":"<p>Snom M85 DECT Handset \/ <span style=\"color: #333333; font-size: 14.4px;\">Bluetooth pour casques \/ <\/span><span style=\"color: #333333; font-size: 14.4px;\">De nombreuses fonctions d&#8217;alarme \/ <\/span><span style=\"color: #333333; font-size: 14.4px;\">Conception robuste \/ <\/span><span style=\"color: #333333; font-size: 14.4px;\">Classe de protection IP 65 &#8211; r\u00e9sistant aux chocs, \u00e0 l&#8217;eau et \u00e0 la poussi\u00e8re<\/span><\/p>\n","protected":false},"excerpt":{"rendered":"<p>Snom M85 DECT Handset \/ Bluetooth pour casques \/ De nombreuses fonctions d&#8217;alarme \/ Conception robuste \/ Classe de protection IP 65 &#8211; r\u00e9sistant aux chocs, \u00e0 l&#8217;eau et \u00e0 la poussi\u00e8re<\/p>\n","protected":false},"featured_media":1193,"template":"","meta":{"om_disable_all_campaigns":false,"_monsterinsights_skip_tracking":false,"_monsterinsights_sitenote_active":false,"_monsterinsights_sitenote_note":"","_monsterinsights_sitenote_category":0},"product_brand":[],"product_cat":[47],"product_tag":[],"class_list":{"0":"post-1191","1":"product","2":"type-product","3":"status-publish","4":"has-post-thumbnail","6":"product_cat-snom","8":"first","9":"instock","10":"taxable","11":"shipping-taxable","12":"product-type-simple"},"aioseo_notices":[],"_links":{"self":[{"href":"https:\/\/equi-tel.com\/boutique\/wp-json\/wp\/v2\/product\/1191","targetHints":{"allow":["GET"]}}],"collection":[{"href":"https:\/\/equi-tel.com\/boutique\/wp-json\/wp\/v2\/product"}],"about":[{"href":"https:\/\/equi-tel.com\/boutique\/wp-json\/wp\/v2\/types\/product"}],"wp:featuredmedia":[{"embeddable":true,"href":"https:\/\/equi-tel.com\/boutique\/wp-json\/wp\/v2\/media\/1193"}],"wp:attachment":[{"href":"https:\/\/equi-tel.com\/boutique\/wp-json\/wp\/v2\/media?parent=1191"}],"wp:term":[{"taxonomy":"product_brand","embeddable":true,"href":"https:\/\/equi-tel.com\/boutique\/wp-json\/wp\/v2\/product_brand?post=1191"},{"taxonomy":"product_cat","embeddable":true,"href":"https:\/\/equi-tel.com\/boutique\/wp-json\/wp\/v2\/product_cat?post=1191"},{"taxonomy":"product_tag","embeddable":true,"href":"https:\/\/equi-tel.com\/boutique\/wp-json\/wp\/v2\/product_tag?post=1191"}],"curies":[{"name":"wp","href":"https:\/\/api.w.org\/{rel}","templated":true}]}}