{"id":1185,"date":"2025-03-03T10:41:38","date_gmt":"2025-03-03T15:41:38","guid":{"rendered":"https:\/\/equi-tel.com\/boutique\/?post_type=product&#038;p=1185"},"modified":"2025-03-28T14:16:14","modified_gmt":"2025-03-28T18:16:14","slug":"m55","status":"publish","type":"product","link":"https:\/\/equi-tel.com\/boutique\/product\/m55\/","title":{"rendered":"M55"},"content":{"rendered":"<p>Snom M55 DECT Handset \/ <span style=\"color: #333333; font-size: 14.4px;\">Grand \u00e9cran couleur de 2,4 pouces \/ <\/span><span style=\"color: #333333; font-size: 14.4px;\">Prise en charge de l&#8217;\u00e9mulation d&#8217;appel partag\u00e9 (SCE) \/ <\/span><span style=\"color: #333333; font-size: 14.4px;\">6 touches de fonction LED programmables \/ <\/span><span style=\"color: #333333; font-size: 14.4px;\">Mises \u00e0 jour logicielles sans fil pour les t\u00e9l\u00e9phones portables (OTA) \/ <\/span><span style=\"color: #333333; font-size: 14.4px;\">Clip de ceinture<\/span><\/p>\n","protected":false},"excerpt":{"rendered":"<p>Snom M55 DECT Handset \/ Grand \u00e9cran couleur de 2,4 pouces \/ Prise en charge de l&#8217;\u00e9mulation d&#8217;appel partag\u00e9 (SCE) \/ 6 touches de fonction LED programmables \/ Mises \u00e0 jour logicielles sans fil pour les t\u00e9l\u00e9phones portables (OTA) \/ Clip de ceinture<\/p>\n","protected":false},"featured_media":1186,"template":"","meta":{"om_disable_all_campaigns":false,"_monsterinsights_skip_tracking":false,"_monsterinsights_sitenote_active":false,"_monsterinsights_sitenote_note":"","_monsterinsights_sitenote_category":0},"product_brand":[],"product_cat":[47],"product_tag":[],"class_list":{"0":"post-1185","1":"product","2":"type-product","3":"status-publish","4":"has-post-thumbnail","6":"product_cat-snom","8":"first","9":"instock","10":"taxable","11":"shipping-taxable","12":"product-type-simple"},"aioseo_notices":[],"_links":{"self":[{"href":"https:\/\/equi-tel.com\/boutique\/wp-json\/wp\/v2\/product\/1185","targetHints":{"allow":["GET"]}}],"collection":[{"href":"https:\/\/equi-tel.com\/boutique\/wp-json\/wp\/v2\/product"}],"about":[{"href":"https:\/\/equi-tel.com\/boutique\/wp-json\/wp\/v2\/types\/product"}],"wp:featuredmedia":[{"embeddable":true,"href":"https:\/\/equi-tel.com\/boutique\/wp-json\/wp\/v2\/media\/1186"}],"wp:attachment":[{"href":"https:\/\/equi-tel.com\/boutique\/wp-json\/wp\/v2\/media?parent=1185"}],"wp:term":[{"taxonomy":"product_brand","embeddable":true,"href":"https:\/\/equi-tel.com\/boutique\/wp-json\/wp\/v2\/product_brand?post=1185"},{"taxonomy":"product_cat","embeddable":true,"href":"https:\/\/equi-tel.com\/boutique\/wp-json\/wp\/v2\/product_cat?post=1185"},{"taxonomy":"product_tag","embeddable":true,"href":"https:\/\/equi-tel.com\/boutique\/wp-json\/wp\/v2\/product_tag?post=1185"}],"curies":[{"name":"wp","href":"https:\/\/api.w.org\/{rel}","templated":true}]}}