{"id":1041,"date":"2024-11-18T11:43:52","date_gmt":"2024-11-18T16:43:52","guid":{"rendered":"https:\/\/equi-tel.com\/boutique\/?post_type=product&#038;p=1041"},"modified":"2026-01-19T13:50:30","modified_gmt":"2026-01-19T18:50:30","slug":"wp826","status":"publish","type":"product","link":"https:\/\/equi-tel.com\/boutique\/product\/wp826\/","title":{"rendered":"WP826"},"content":{"rendered":"<p>WP826 Cordlesse WiFi 6 t\u00e9l\u00e9phone. Conf\u00e9rence vocale \u00e0 4 voies. Codec vocal Opus HD. 12 heures d&#8217;autonomie en conversation et 240 heures en veille. Batterie de 3000mAh.<\/p>\n","protected":false},"excerpt":{"rendered":"<p>WP826 Cordlesse WiFi 6 t\u00e9l\u00e9phone. Conf\u00e9rence vocale \u00e0 4 voies. Codec vocal Opus HD. 12 heures d&#8217;autonomie en conversation et 240 heures en veille. Batterie de 3000mAh.<\/p>\n","protected":false},"featured_media":1042,"template":"","meta":{"om_disable_all_campaigns":false,"_monsterinsights_skip_tracking":false,"_monsterinsights_sitenote_active":false,"_monsterinsights_sitenote_note":"","_monsterinsights_sitenote_category":0},"product_brand":[],"product_cat":[46],"product_tag":[],"class_list":{"0":"post-1041","1":"product","2":"type-product","3":"status-publish","4":"has-post-thumbnail","6":"product_cat-grandstream","8":"first","9":"instock","10":"taxable","11":"shipping-taxable","12":"product-type-simple"},"aioseo_notices":[],"_links":{"self":[{"href":"https:\/\/equi-tel.com\/boutique\/wp-json\/wp\/v2\/product\/1041","targetHints":{"allow":["GET"]}}],"collection":[{"href":"https:\/\/equi-tel.com\/boutique\/wp-json\/wp\/v2\/product"}],"about":[{"href":"https:\/\/equi-tel.com\/boutique\/wp-json\/wp\/v2\/types\/product"}],"wp:featuredmedia":[{"embeddable":true,"href":"https:\/\/equi-tel.com\/boutique\/wp-json\/wp\/v2\/media\/1042"}],"wp:attachment":[{"href":"https:\/\/equi-tel.com\/boutique\/wp-json\/wp\/v2\/media?parent=1041"}],"wp:term":[{"taxonomy":"product_brand","embeddable":true,"href":"https:\/\/equi-tel.com\/boutique\/wp-json\/wp\/v2\/product_brand?post=1041"},{"taxonomy":"product_cat","embeddable":true,"href":"https:\/\/equi-tel.com\/boutique\/wp-json\/wp\/v2\/product_cat?post=1041"},{"taxonomy":"product_tag","embeddable":true,"href":"https:\/\/equi-tel.com\/boutique\/wp-json\/wp\/v2\/product_tag?post=1041"}],"curies":[{"name":"wp","href":"https:\/\/api.w.org\/{rel}","templated":true}]}}