{"id":1007,"date":"2024-11-18T11:17:55","date_gmt":"2024-11-18T16:17:55","guid":{"rendered":"https:\/\/equi-tel.com\/boutique\/?post_type=product&#038;p=1007"},"modified":"2026-01-19T11:29:37","modified_gmt":"2026-01-19T16:29:37","slug":"ucmrc-pro","status":"publish","type":"product","link":"https:\/\/equi-tel.com\/boutique\/product\/ucmrc-pro\/","title":{"rendered":"UCMRC Pro"},"content":{"rendered":"<p>Frais d&#8217;abonnement annuel pour 16 appels vocaux\/vid\u00e9o simultan\u00e9s, 100 utilisateurs enregistr\u00e9s, 2 Go de stockage en nuage. Veuillez vous r\u00e9f\u00e9rer \u00e0 la description longue.<\/p>\n","protected":false},"excerpt":{"rendered":"<p>Frais d&#8217;abonnement annuel pour 16 appels vocaux\/vid\u00e9o simultan\u00e9s, 100 utilisateurs enregistr\u00e9s, 2 Go de stockage en nuage. Veuillez vous r\u00e9f\u00e9rer \u00e0 la description longue.<\/p>\n","protected":false},"featured_media":1357,"template":"","meta":{"om_disable_all_campaigns":false,"_monsterinsights_skip_tracking":false,"_monsterinsights_sitenote_active":false,"_monsterinsights_sitenote_note":"","_monsterinsights_sitenote_category":0},"product_brand":[],"product_cat":[46],"product_tag":[],"class_list":{"0":"post-1007","1":"product","2":"type-product","3":"status-publish","4":"has-post-thumbnail","6":"product_cat-grandstream","8":"first","9":"instock","10":"taxable","11":"shipping-taxable","12":"product-type-simple"},"aioseo_notices":[],"_links":{"self":[{"href":"https:\/\/equi-tel.com\/boutique\/wp-json\/wp\/v2\/product\/1007","targetHints":{"allow":["GET"]}}],"collection":[{"href":"https:\/\/equi-tel.com\/boutique\/wp-json\/wp\/v2\/product"}],"about":[{"href":"https:\/\/equi-tel.com\/boutique\/wp-json\/wp\/v2\/types\/product"}],"wp:featuredmedia":[{"embeddable":true,"href":"https:\/\/equi-tel.com\/boutique\/wp-json\/wp\/v2\/media\/1357"}],"wp:attachment":[{"href":"https:\/\/equi-tel.com\/boutique\/wp-json\/wp\/v2\/media?parent=1007"}],"wp:term":[{"taxonomy":"product_brand","embeddable":true,"href":"https:\/\/equi-tel.com\/boutique\/wp-json\/wp\/v2\/product_brand?post=1007"},{"taxonomy":"product_cat","embeddable":true,"href":"https:\/\/equi-tel.com\/boutique\/wp-json\/wp\/v2\/product_cat?post=1007"},{"taxonomy":"product_tag","embeddable":true,"href":"https:\/\/equi-tel.com\/boutique\/wp-json\/wp\/v2\/product_tag?post=1007"}],"curies":[{"name":"wp","href":"https:\/\/api.w.org\/{rel}","templated":true}]}}