{"id":1002,"date":"2024-11-18T11:12:25","date_gmt":"2024-11-18T16:12:25","guid":{"rendered":"https:\/\/equi-tel.com\/boutique\/?post_type=product&#038;p=1002"},"modified":"2026-01-19T10:44:56","modified_gmt":"2026-01-19T15:44:56","slug":"ucmrc-admin-only-add","status":"publish","type":"product","link":"https:\/\/equi-tel.com\/boutique\/product\/ucmrc-admin-only-add\/","title":{"rendered":"UCMRC Admin-Only Add"},"content":{"rendered":"<p>Frais annuels pour le stockage en nuage de 1 Go et les fonctionnalit\u00e9s d&#8217;administration \u00e0 distance des forfaits Plus\/Pro. Veuillez vous r\u00e9f\u00e9rer \u00e0 la description longue.<\/p>\n","protected":false},"excerpt":{"rendered":"<p>Frais annuels pour le stockage en nuage de 1 Go et les fonctionnalit\u00e9s d&#8217;administration \u00e0 distance des forfaits Plus\/Pro. Veuillez vous r\u00e9f\u00e9rer \u00e0 la description longue.<\/p>\n","protected":false},"featured_media":1357,"template":"","meta":{"om_disable_all_campaigns":false,"_monsterinsights_skip_tracking":false,"_monsterinsights_sitenote_active":false,"_monsterinsights_sitenote_note":"","_monsterinsights_sitenote_category":0},"product_brand":[],"product_cat":[46],"product_tag":[],"class_list":{"0":"post-1002","1":"product","2":"type-product","3":"status-publish","4":"has-post-thumbnail","6":"product_cat-grandstream","8":"first","9":"instock","10":"taxable","11":"shipping-taxable","12":"product-type-simple"},"aioseo_notices":[],"_links":{"self":[{"href":"https:\/\/equi-tel.com\/boutique\/wp-json\/wp\/v2\/product\/1002","targetHints":{"allow":["GET"]}}],"collection":[{"href":"https:\/\/equi-tel.com\/boutique\/wp-json\/wp\/v2\/product"}],"about":[{"href":"https:\/\/equi-tel.com\/boutique\/wp-json\/wp\/v2\/types\/product"}],"wp:featuredmedia":[{"embeddable":true,"href":"https:\/\/equi-tel.com\/boutique\/wp-json\/wp\/v2\/media\/1357"}],"wp:attachment":[{"href":"https:\/\/equi-tel.com\/boutique\/wp-json\/wp\/v2\/media?parent=1002"}],"wp:term":[{"taxonomy":"product_brand","embeddable":true,"href":"https:\/\/equi-tel.com\/boutique\/wp-json\/wp\/v2\/product_brand?post=1002"},{"taxonomy":"product_cat","embeddable":true,"href":"https:\/\/equi-tel.com\/boutique\/wp-json\/wp\/v2\/product_cat?post=1002"},{"taxonomy":"product_tag","embeddable":true,"href":"https:\/\/equi-tel.com\/boutique\/wp-json\/wp\/v2\/product_tag?post=1002"}],"curies":[{"name":"wp","href":"https:\/\/api.w.org\/{rel}","templated":true}]}}